{"id":13,"date":"2025-01-02T18:24:10","date_gmt":"2025-01-02T18:24:10","guid":{"rendered":"https:\/\/trusted-tabletss.com\/?page_id=13"},"modified":"2025-01-05T02:07:00","modified_gmt":"2025-01-05T02:07:00","slug":"devoluciones_devolucion-2","status":"publish","type":"page","link":"https:\/\/trusted-tabletss.com\/es\/devoluciones_devolucion-2\/","title":{"rendered":"Pol\u00edtica de devoluciones y reembolsos"},"content":{"rendered":"<div data-elementor-type=\"wp-page\" data-elementor-id=\"13\" class=\"elementor elementor-13\" data-elementor-post-type=\"page\">\n\t\t\t\t\t\t<section class=\"elementor-section elementor-top-section elementor-element elementor-element-7d15c3b elementor-section-stretched elementor-section-boxed elementor-section-height-default elementor-section-height-default\" data-id=\"7d15c3b\" data-element_type=\"section\" data-e-type=\"section\" data-settings=\"{&quot;stretch_section&quot;:&quot;section-stretched&quot;}\">\n\t\t\t\t\t\t<div class=\"elementor-container elementor-column-gap-no\">\n\t\t\t\t\t<div class=\"elementor-column elementor-col-100 elementor-top-column elementor-element elementor-element-47f012c\" data-id=\"47f012c\" data-element_type=\"column\" data-e-type=\"column\">\n\t\t\t<div class=\"elementor-widget-wrap elementor-element-populated\">\n\t\t\t\t\t\t<section class=\"elementor-section elementor-inner-section elementor-element elementor-element-da54efb elementor-section-height-min-height elementor-section-boxed elementor-section-height-default\" data-id=\"da54efb\" data-element_type=\"section\" data-e-type=\"section\" data-settings=\"{&quot;background_background&quot;:&quot;classic&quot;}\">\n\t\t\t\t\t\t<div class=\"elementor-container elementor-column-gap-no\">\n\t\t\t\t\t<div class=\"elementor-column elementor-col-66 elementor-inner-column elementor-element elementor-element-e88086e elementor-invisible\" data-id=\"e88086e\" data-element_type=\"column\" data-e-type=\"column\" data-settings=\"{&quot;animation&quot;:&quot;fadeInUp&quot;}\">\n\t\t\t<div class=\"elementor-widget-wrap elementor-element-populated\">\n\t\t\t\t\t\t<div class=\"elementor-element elementor-element-ec98f9b elementor-widget__width-initial elementor-widget elementor-widget-heading\" data-id=\"ec98f9b\" data-element_type=\"widget\" data-e-type=\"widget\" data-widget_type=\"heading.default\">\n\t\t\t\t<div class=\"elementor-widget-container\">\n\t\t\t\t\t<h2 class=\"elementor-heading-title elementor-size-default\">En Trusted Tablets, nos comprometemos a garantizar la satisfacci\u00f3n del cliente. Si no est\u00e1 satisfecho con su compra, puede optar a un reembolso o devoluci\u00f3n seg\u00fan los t\u00e9rminos que se indican a continuaci\u00f3n.\n\n<\/h2>\t\t\t\t<\/div>\n\t\t\t\t<\/div>\n\t\t\t\t\t<\/div>\n\t\t<\/div>\n\t\t\t\t<div class=\"elementor-column elementor-col-33 elementor-inner-column elementor-element elementor-element-6f384ed elementor-hidden-tablet elementor-hidden-mobile\" data-id=\"6f384ed\" data-element_type=\"column\" data-e-type=\"column\">\n\t\t\t<div class=\"elementor-widget-wrap\">\n\t\t\t\t\t\t\t<\/div>\n\t\t<\/div>\n\t\t\t\t\t<\/div>\n\t\t<\/section>\n\t\t\t\t\t<\/div>\n\t\t<\/div>\n\t\t\t\t\t<\/div>\n\t\t<\/section>\n\t\t\t\t<section class=\"elementor-section elementor-top-section elementor-element elementor-element-270038b elementor-section-boxed elementor-section-height-default elementor-section-height-default\" data-id=\"270038b\" data-element_type=\"section\" data-e-type=\"section\">\n\t\t\t\t\t\t<div class=\"elementor-container elementor-column-gap-default\">\n\t\t\t\t\t<div class=\"elementor-column elementor-col-100 elementor-top-column elementor-element elementor-element-662ceaa\" data-id=\"662ceaa\" data-element_type=\"column\" data-e-type=\"column\">\n\t\t\t<div class=\"elementor-widget-wrap elementor-element-populated\">\n\t\t\t\t\t\t<div class=\"elementor-element elementor-element-28a848d elementor-widget elementor-widget-heading\" data-id=\"28a848d\" data-element_type=\"widget\" data-e-type=\"widget\" data-widget_type=\"heading.default\">\n\t\t\t\t<div class=\"elementor-widget-container\">\n\t\t\t\t\t<h2 class=\"elementor-heading-title elementor-size-default\">1. Reembolsos y devoluciones<\/h2>\t\t\t\t<\/div>\n\t\t\t\t<\/div>\n\t\t\t\t<div class=\"elementor-element elementor-element-01101c9 elementor-widget elementor-widget-text-editor\" data-id=\"01101c9\" data-element_type=\"widget\" data-e-type=\"widget\" data-widget_type=\"text-editor.default\">\n\t\t\t\t<div class=\"elementor-widget-container\">\n\t\t\t\t\t\t\t\t\t<p>Para poder optar a un reembolso o devoluci\u00f3n:<\/p><ul><li style=\"list-style-type: none;\"><ul><li>El producto debe estar sin usar, sin abrir y en su embalaje original.<\/li><li>Las solicitudes deben presentarse en el plazo de <strong>7 d\u00edas<\/strong> de recibir su pedido.<\/li><li>Deber\u00e1 presentarse un justificante de compra (por ejemplo, el correo electr\u00f3nico de confirmaci\u00f3n del pedido).<\/li><\/ul><\/li><\/ul>\t\t\t\t\t\t\t\t<\/div>\n\t\t\t\t<\/div>\n\t\t\t\t\t<\/div>\n\t\t<\/div>\n\t\t\t\t\t<\/div>\n\t\t<\/section>\n\t\t\t\t<section class=\"elementor-section elementor-top-section elementor-element elementor-element-aab79bf elementor-section-boxed elementor-section-height-default elementor-section-height-default\" data-id=\"aab79bf\" data-element_type=\"section\" data-e-type=\"section\">\n\t\t\t\t\t\t<div class=\"elementor-container elementor-column-gap-default\">\n\t\t\t\t\t<div class=\"elementor-column elementor-col-100 elementor-top-column elementor-element elementor-element-410d697\" data-id=\"410d697\" data-element_type=\"column\" data-e-type=\"column\">\n\t\t\t<div class=\"elementor-widget-wrap elementor-element-populated\">\n\t\t\t\t\t\t<div class=\"elementor-element elementor-element-7fd9592 elementor-widget elementor-widget-heading\" data-id=\"7fd9592\" data-element_type=\"widget\" data-e-type=\"widget\" data-widget_type=\"heading.default\">\n\t\t\t\t<div class=\"elementor-widget-container\">\n\t\t\t\t\t<h2 class=\"elementor-heading-title elementor-size-default\">2. Art\u00edculos no reembolsables\n<\/h2>\t\t\t\t<\/div>\n\t\t\t\t<\/div>\n\t\t\t\t<div class=\"elementor-element elementor-element-c0e95bf elementor-widget elementor-widget-text-editor\" data-id=\"c0e95bf\" data-element_type=\"widget\" data-e-type=\"widget\" data-widget_type=\"text-editor.default\">\n\t\t\t\t<div class=\"elementor-widget-container\">\n\t\t\t\t\t\t\t\t\t<ul><li><p>Los siguientes art\u00edculos no admiten devoluciones ni reembolsos:<\/p><ul><li>Productos abiertos o usados.<\/li><li>Productos da\u00f1ados debido a un mal uso o manipulaci\u00f3n.<\/li><li>Art\u00edculos de liquidaci\u00f3n o promocionales marcados como \"Venta final\".<\/li><\/ul><\/li><\/ul>\t\t\t\t\t\t\t\t<\/div>\n\t\t\t\t<\/div>\n\t\t\t\t\t<\/div>\n\t\t<\/div>\n\t\t\t\t\t<\/div>\n\t\t<\/section>\n\t\t\t\t<section class=\"elementor-section elementor-top-section elementor-element elementor-element-1a71f55 elementor-section-boxed elementor-section-height-default elementor-section-height-default\" data-id=\"1a71f55\" data-element_type=\"section\" data-e-type=\"section\">\n\t\t\t\t\t\t<div class=\"elementor-container elementor-column-gap-default\">\n\t\t\t\t\t<div class=\"elementor-column elementor-col-100 elementor-top-column elementor-element elementor-element-728eee3\" data-id=\"728eee3\" data-element_type=\"column\" data-e-type=\"column\">\n\t\t\t<div class=\"elementor-widget-wrap elementor-element-populated\">\n\t\t\t\t\t\t<div class=\"elementor-element elementor-element-b8fc6ba elementor-widget elementor-widget-heading\" data-id=\"b8fc6ba\" data-element_type=\"widget\" data-e-type=\"widget\" data-widget_type=\"heading.default\">\n\t\t\t\t<div class=\"elementor-widget-container\">\n\t\t\t\t\t<h2 class=\"elementor-heading-title elementor-size-default\">3. Proceso de reembolso<\/h2>\t\t\t\t<\/div>\n\t\t\t\t<\/div>\n\t\t\t\t<div class=\"elementor-element elementor-element-544fa53 elementor-widget elementor-widget-text-editor\" data-id=\"544fa53\" data-element_type=\"widget\" data-e-type=\"widget\" data-widget_type=\"text-editor.default\">\n\t\t\t\t<div class=\"elementor-widget-container\">\n\t\t\t\t\t\t\t\t\t<ul><li><strong>Env\u00ede una solicitud:<\/strong> P\u00f3ngase en contacto con nosotros en <a rel=\"noopener\">support@trusted-tabletss.com<\/a> con los datos de su pedido y el motivo de la devoluci\u00f3n.<\/li><li><strong>Aprobaci\u00f3n:<\/strong> Una vez revisada y aprobada su solicitud, recibir\u00e1 instrucciones para devolver el producto.<\/li><li><strong>Env\u00edo de devoluciones:<\/strong> Los gastos de devoluci\u00f3n correr\u00e1n a cargo del cliente.<\/li><li><strong>Emisi\u00f3n de reembolsos:<\/strong> Los reembolsos se procesar\u00e1n en el m\u00e9todo de pago original dentro de los siguientes plazos <strong>5-7 d\u00edas laborables<\/strong> una vez inspeccionado el art\u00edculo devuelto.<\/li><\/ul>\t\t\t\t\t\t\t\t<\/div>\n\t\t\t\t<\/div>\n\t\t\t\t\t<\/div>\n\t\t<\/div>\n\t\t\t\t\t<\/div>\n\t\t<\/section>\n\t\t\t\t<section class=\"elementor-section elementor-top-section elementor-element elementor-element-1f0b540 elementor-section-boxed elementor-section-height-default elementor-section-height-default\" data-id=\"1f0b540\" data-element_type=\"section\" data-e-type=\"section\">\n\t\t\t\t\t\t<div class=\"elementor-container elementor-column-gap-default\">\n\t\t\t\t\t<div class=\"elementor-column elementor-col-100 elementor-top-column elementor-element elementor-element-bba8e5d\" data-id=\"bba8e5d\" data-element_type=\"column\" data-e-type=\"column\">\n\t\t\t<div class=\"elementor-widget-wrap elementor-element-populated\">\n\t\t\t\t\t\t<div class=\"elementor-element elementor-element-9f5ab27 elementor-widget elementor-widget-heading\" data-id=\"9f5ab27\" data-element_type=\"widget\" data-e-type=\"widget\" data-widget_type=\"heading.default\">\n\t\t\t\t<div class=\"elementor-widget-container\">\n\t\t\t\t\t<h2 class=\"elementor-heading-title elementor-size-default\">4.  Art\u00edculos da\u00f1ados o incorrectos<\/h2>\t\t\t\t<\/div>\n\t\t\t\t<\/div>\n\t\t\t\t<div class=\"elementor-element elementor-element-926cdd6 elementor-widget elementor-widget-text-editor\" data-id=\"926cdd6\" data-element_type=\"widget\" data-e-type=\"widget\" data-widget_type=\"text-editor.default\">\n\t\t\t\t<div class=\"elementor-widget-container\">\n\t\t\t\t\t\t\t\t\t<p>Si su producto llega da\u00f1ado o incorrecto:<\/p><ul><li style=\"list-style-type: none;\"><ul><li>P\u00f3ngase en contacto con nosotros inmediatamente en <a rel=\"noopener\">support@trusted-tabletss.com<\/a>.<\/li><li>Proporcione fotos del art\u00edculo da\u00f1ado o incorrecto para su verificaci\u00f3n.<\/li><li>Organizaremos un reemplazo o reembolso, incluidos los gastos de env\u00edo, sin cargo adicional.<\/li><\/ul><\/li><\/ul>\t\t\t\t\t\t\t\t<\/div>\n\t\t\t\t<\/div>\n\t\t\t\t\t<\/div>\n\t\t<\/div>\n\t\t\t\t\t<\/div>\n\t\t<\/section>\n\t\t\t\t<section class=\"elementor-section elementor-top-section elementor-element elementor-element-f48174c elementor-section-boxed elementor-section-height-default elementor-section-height-default\" data-id=\"f48174c\" data-element_type=\"section\" data-e-type=\"section\">\n\t\t\t\t\t\t<div class=\"elementor-container elementor-column-gap-default\">\n\t\t\t\t\t<div class=\"elementor-column elementor-col-100 elementor-top-column elementor-element elementor-element-cfbde27\" data-id=\"cfbde27\" data-element_type=\"column\" data-e-type=\"column\">\n\t\t\t<div class=\"elementor-widget-wrap elementor-element-populated\">\n\t\t\t\t\t\t<div class=\"elementor-element elementor-element-7b897e8 elementor-widget elementor-widget-heading\" data-id=\"7b897e8\" data-element_type=\"widget\" data-e-type=\"widget\" data-widget_type=\"heading.default\">\n\t\t\t\t<div class=\"elementor-widget-container\">\n\t\t\t\t\t<h2 class=\"elementor-heading-title elementor-size-default\">Devoluciones atrasadas o pendientes<\/h2>\t\t\t\t<\/div>\n\t\t\t\t<\/div>\n\t\t\t\t<div class=\"elementor-element elementor-element-206d158 elementor-widget elementor-widget-text-editor\" data-id=\"206d158\" data-element_type=\"widget\" data-e-type=\"widget\" data-widget_type=\"text-editor.default\">\n\t\t\t\t<div class=\"elementor-widget-container\">\n\t\t\t\t\t\t\t\t\t<p>Si no ha recibido el reembolso tras el periodo de tramitaci\u00f3n:<\/p><ol><li style=\"list-style-type: none;\"><ol><li>Consulte con su banco o proveedor de servicios de pago.<\/li><li>P\u00f3ngase en contacto con nosotros en <a rel=\"noopener\">support@trusted-tabletss.com<\/a> para obtener m\u00e1s ayuda.<\/li><\/ol><\/li><\/ol>\t\t\t\t\t\t\t\t<\/div>\n\t\t\t\t<\/div>\n\t\t\t\t\t<\/div>\n\t\t<\/div>\n\t\t\t\t\t<\/div>\n\t\t<\/section>\n\t\t\t\t<section class=\"elementor-section elementor-top-section elementor-element elementor-element-6fc4fba elementor-section-boxed elementor-section-height-default elementor-section-height-default\" data-id=\"6fc4fba\" data-element_type=\"section\" data-e-type=\"section\">\n\t\t\t\t\t\t<div class=\"elementor-container elementor-column-gap-default\">\n\t\t\t\t\t<div class=\"elementor-column elementor-col-100 elementor-top-column elementor-element elementor-element-ffbc621\" data-id=\"ffbc621\" data-element_type=\"column\" data-e-type=\"column\">\n\t\t\t<div class=\"elementor-widget-wrap elementor-element-populated\">\n\t\t\t\t\t\t<div class=\"elementor-element elementor-element-d5c9628 elementor-widget elementor-widget-heading\" data-id=\"d5c9628\" data-element_type=\"widget\" data-e-type=\"widget\" data-widget_type=\"heading.default\">\n\t\t\t\t<div class=\"elementor-widget-container\">\n\t\t\t\t\t<h2 class=\"elementor-heading-title elementor-size-default\">6. Direcci\u00f3n del remitente<\/h2>\t\t\t\t<\/div>\n\t\t\t\t<\/div>\n\t\t\t\t<div class=\"elementor-element elementor-element-56f8fef elementor-widget elementor-widget-text-editor\" data-id=\"56f8fef\" data-element_type=\"widget\" data-e-type=\"widget\" data-widget_type=\"text-editor.default\">\n\t\t\t\t<div class=\"elementor-widget-container\">\n\t\t\t\t\t\t\t\t\t<p>Las devoluciones deben enviarse a la direcci\u00f3n indicada en el correo electr\u00f3nico de aprobaci\u00f3n de la devoluci\u00f3n. No env\u00ede devoluciones sin autorizaci\u00f3n previa.<\/p>\t\t\t\t\t\t\t\t<\/div>\n\t\t\t\t<\/div>\n\t\t\t\t\t<\/div>\n\t\t<\/div>\n\t\t\t\t\t<\/div>\n\t\t<\/section>\n\t\t\t\t<\/div>","protected":false},"excerpt":{"rendered":"<p>At Trusted Tablets, we are committed to ensuring customer satisfaction. If you are not satisfied with your purchase, you may be eligible for a refund&#8230;<\/p>","protected":false},"author":1,"featured_media":0,"parent":0,"menu_order":0,"comment_status":"closed","ping_status":"closed","template":"","meta":{"footnotes":""},"class_list":["post-13","page","type-page","status-publish","hentry"],"_links":{"self":[{"href":"https:\/\/trusted-tabletss.com\/es\/wp-json\/wp\/v2\/pages\/13","targetHints":{"allow":["GET"]}}],"collection":[{"href":"https:\/\/trusted-tabletss.com\/es\/wp-json\/wp\/v2\/pages"}],"about":[{"href":"https:\/\/trusted-tabletss.com\/es\/wp-json\/wp\/v2\/types\/page"}],"author":[{"embeddable":true,"href":"https:\/\/trusted-tabletss.com\/es\/wp-json\/wp\/v2\/users\/1"}],"replies":[{"embeddable":true,"href":"https:\/\/trusted-tabletss.com\/es\/wp-json\/wp\/v2\/comments?post=13"}],"version-history":[{"count":11,"href":"https:\/\/trusted-tabletss.com\/es\/wp-json\/wp\/v2\/pages\/13\/revisions"}],"predecessor-version":[{"id":4498,"href":"https:\/\/trusted-tabletss.com\/es\/wp-json\/wp\/v2\/pages\/13\/revisions\/4498"}],"wp:attachment":[{"href":"https:\/\/trusted-tabletss.com\/es\/wp-json\/wp\/v2\/media?parent=13"}],"curies":[{"name":"wp","href":"https:\/\/api.w.org\/{rel}","templated":true}]}}