{"id":3,"date":"2024-10-28T16:06:41","date_gmt":"2024-10-28T16:06:41","guid":{"rendered":"https:\/\/trusted-tabletss.com\/?page_id=3"},"modified":"2025-01-05T02:07:29","modified_gmt":"2025-01-05T02:07:29","slug":"politica-de-privacidad","status":"publish","type":"page","link":"https:\/\/trusted-tabletss.com\/es\/politica-de-privacidad\/","title":{"rendered":"Pol\u00edtica de privacidad"},"content":{"rendered":"<div data-elementor-type=\"wp-page\" data-elementor-id=\"3\" class=\"elementor elementor-3\" data-elementor-post-type=\"page\">\n\t\t\t\t\t\t<section class=\"elementor-section elementor-top-section elementor-element elementor-element-9cf6c6b elementor-section-stretched elementor-section-boxed elementor-section-height-default elementor-section-height-default\" data-id=\"9cf6c6b\" data-element_type=\"section\" data-e-type=\"section\" data-settings=\"{&quot;stretch_section&quot;:&quot;section-stretched&quot;}\">\n\t\t\t\t\t\t<div class=\"elementor-container elementor-column-gap-no\">\n\t\t\t\t\t<div class=\"elementor-column elementor-col-100 elementor-top-column elementor-element elementor-element-d3a3aba\" data-id=\"d3a3aba\" data-element_type=\"column\" data-e-type=\"column\">\n\t\t\t<div class=\"elementor-widget-wrap elementor-element-populated\">\n\t\t\t\t\t\t<section class=\"elementor-section elementor-inner-section elementor-element elementor-element-8c086ef elementor-section-height-min-height elementor-section-boxed elementor-section-height-default\" data-id=\"8c086ef\" data-element_type=\"section\" data-e-type=\"section\" data-settings=\"{&quot;background_background&quot;:&quot;classic&quot;}\">\n\t\t\t\t\t\t<div class=\"elementor-container elementor-column-gap-no\">\n\t\t\t\t\t<div class=\"elementor-column elementor-col-66 elementor-inner-column elementor-element elementor-element-8451c65 elementor-invisible\" data-id=\"8451c65\" data-element_type=\"column\" data-e-type=\"column\" data-settings=\"{&quot;animation&quot;:&quot;fadeInUp&quot;}\">\n\t\t\t<div class=\"elementor-widget-wrap elementor-element-populated\">\n\t\t\t\t\t\t<div class=\"elementor-element elementor-element-cdd0546 elementor-widget__width-initial elementor-widget elementor-widget-heading\" data-id=\"cdd0546\" data-element_type=\"widget\" data-e-type=\"widget\" data-widget_type=\"heading.default\">\n\t\t\t\t<div class=\"elementor-widget-container\">\n\t\t\t\t\t<h2 class=\"elementor-heading-title elementor-size-default\">Bienvenido a Trusted Tablets. Su privacidad es de vital importancia para nosotros. Esta Pol\u00edtica de privacidad describe c\u00f3mo recopilamos, utilizamos y protegemos su informaci\u00f3n cuando visita nuestro sitio web, trusted-tablets.com. Al utilizar nuestro sitio, usted acepta los t\u00e9rminos descritos en esta pol\u00edtica.<\/h2>\t\t\t\t<\/div>\n\t\t\t\t<\/div>\n\t\t\t\t\t<\/div>\n\t\t<\/div>\n\t\t\t\t<div class=\"elementor-column elementor-col-33 elementor-inner-column elementor-element elementor-element-18ea570 elementor-hidden-tablet elementor-hidden-mobile\" data-id=\"18ea570\" data-element_type=\"column\" data-e-type=\"column\">\n\t\t\t<div class=\"elementor-widget-wrap\">\n\t\t\t\t\t\t\t<\/div>\n\t\t<\/div>\n\t\t\t\t\t<\/div>\n\t\t<\/section>\n\t\t\t\t\t<\/div>\n\t\t<\/div>\n\t\t\t\t\t<\/div>\n\t\t<\/section>\n\t\t\t\t<section class=\"elementor-section elementor-top-section elementor-element elementor-element-ad34242 elementor-section-boxed elementor-section-height-default elementor-section-height-default\" data-id=\"ad34242\" data-element_type=\"section\" data-e-type=\"section\">\n\t\t\t\t\t\t<div class=\"elementor-container elementor-column-gap-default\">\n\t\t\t\t\t<div class=\"elementor-column elementor-col-100 elementor-top-column elementor-element elementor-element-0e083c0\" data-id=\"0e083c0\" data-element_type=\"column\" data-e-type=\"column\">\n\t\t\t<div class=\"elementor-widget-wrap elementor-element-populated\">\n\t\t\t\t\t\t<div class=\"elementor-element elementor-element-600eecb elementor-widget elementor-widget-heading\" data-id=\"600eecb\" data-element_type=\"widget\" data-e-type=\"widget\" data-widget_type=\"heading.default\">\n\t\t\t\t<div class=\"elementor-widget-container\">\n\t\t\t\t\t<h2 class=\"elementor-heading-title elementor-size-default\">1. Informaci\u00f3n que recopilamos<\/h2>\t\t\t\t<\/div>\n\t\t\t\t<\/div>\n\t\t\t\t<div class=\"elementor-element elementor-element-ecbeed3 elementor-widget elementor-widget-text-editor\" data-id=\"ecbeed3\" data-element_type=\"widget\" data-e-type=\"widget\" data-widget_type=\"text-editor.default\">\n\t\t\t\t<div class=\"elementor-widget-container\">\n\t\t\t\t\t\t\t\t\t<p>Recogemos los siguientes tipos de informaci\u00f3n:<\/p><ol><li><p><strong>Informaci\u00f3n personal<\/strong><\/p><ul><li>Nombre, direcci\u00f3n de correo electr\u00f3nico, n\u00famero de tel\u00e9fono y otros datos facilitados durante el proceso de pago o a trav\u00e9s de formularios de contacto.<\/li><\/ul><\/li><li><p><strong>Informaci\u00f3n de pago<\/strong><\/p><ul><li>Procesamos los pagos de forma segura a trav\u00e9s de conexiones cifradas SSL. Las transacciones con Bitcoin permanecen an\u00f3nimas.<\/li><\/ul><\/li><li><p><strong>Informaci\u00f3n recopilada autom\u00e1ticamente<\/strong><\/p><ul><li>Direcci\u00f3n IP, tipo de navegador, p\u00e1ginas visitadas y otros datos de uso con fines anal\u00edticos.<\/li><\/ul><\/li><\/ol>\t\t\t\t\t\t\t\t<\/div>\n\t\t\t\t<\/div>\n\t\t\t\t\t<\/div>\n\t\t<\/div>\n\t\t\t\t\t<\/div>\n\t\t<\/section>\n\t\t\t\t<section class=\"elementor-section elementor-top-section elementor-element elementor-element-e4124e0 elementor-section-boxed elementor-section-height-default elementor-section-height-default\" data-id=\"e4124e0\" data-element_type=\"section\" data-e-type=\"section\">\n\t\t\t\t\t\t<div class=\"elementor-container elementor-column-gap-default\">\n\t\t\t\t\t<div class=\"elementor-column elementor-col-100 elementor-top-column elementor-element elementor-element-c8578a4\" data-id=\"c8578a4\" data-element_type=\"column\" data-e-type=\"column\">\n\t\t\t<div class=\"elementor-widget-wrap elementor-element-populated\">\n\t\t\t\t\t\t<div class=\"elementor-element elementor-element-0fef564 elementor-widget elementor-widget-heading\" data-id=\"0fef564\" data-element_type=\"widget\" data-e-type=\"widget\" data-widget_type=\"heading.default\">\n\t\t\t\t<div class=\"elementor-widget-container\">\n\t\t\t\t\t<h2 class=\"elementor-heading-title elementor-size-default\">2. C\u00f3mo utilizamos su informaci\u00f3n<\/h2>\t\t\t\t<\/div>\n\t\t\t\t<\/div>\n\t\t\t\t<div class=\"elementor-element elementor-element-48091b1 elementor-widget elementor-widget-text-editor\" data-id=\"48091b1\" data-element_type=\"widget\" data-e-type=\"widget\" data-widget_type=\"text-editor.default\">\n\t\t\t\t<div class=\"elementor-widget-container\">\n\t\t\t\t\t\t\t\t\t<p>Sus datos se utilizan para:<\/p><ul><li>Tramitar pedidos y gestionar transacciones.<\/li><li>Prestar asistencia a los clientes y responder a sus preguntas.<\/li><li>Mejorar nuestro sitio web y la experiencia del usuario.<\/li><li>Enviar actualizaciones, ofertas promocionales y otras comunicaciones (si se ha optado por ello).<\/li><\/ul>\t\t\t\t\t\t\t\t<\/div>\n\t\t\t\t<\/div>\n\t\t\t\t\t<\/div>\n\t\t<\/div>\n\t\t\t\t\t<\/div>\n\t\t<\/section>\n\t\t\t\t<section class=\"elementor-section elementor-top-section elementor-element elementor-element-801cabf elementor-section-boxed elementor-section-height-default elementor-section-height-default\" data-id=\"801cabf\" data-element_type=\"section\" data-e-type=\"section\">\n\t\t\t\t\t\t<div class=\"elementor-container elementor-column-gap-default\">\n\t\t\t\t\t<div class=\"elementor-column elementor-col-100 elementor-top-column elementor-element elementor-element-4c52bd3\" data-id=\"4c52bd3\" data-element_type=\"column\" data-e-type=\"column\">\n\t\t\t<div class=\"elementor-widget-wrap elementor-element-populated\">\n\t\t\t\t\t\t<div class=\"elementor-element elementor-element-172467b elementor-widget elementor-widget-heading\" data-id=\"172467b\" data-element_type=\"widget\" data-e-type=\"widget\" data-widget_type=\"heading.default\">\n\t\t\t\t<div class=\"elementor-widget-container\">\n\t\t\t\t\t<h2 class=\"elementor-heading-title elementor-size-default\">3. C\u00f3mo protegemos su informaci\u00f3n<\/h2>\t\t\t\t<\/div>\n\t\t\t\t<\/div>\n\t\t\t\t<div class=\"elementor-element elementor-element-d8086f0 elementor-widget elementor-widget-text-editor\" data-id=\"d8086f0\" data-element_type=\"widget\" data-e-type=\"widget\" data-widget_type=\"text-editor.default\">\n\t\t\t\t<div class=\"elementor-widget-container\">\n\t\t\t\t\t\t\t\t\t<ul><li>Todas las transacciones est\u00e1n protegidas mediante cifrado SSL.<\/li><li>No almacenamos datos de pago como n\u00fameros de tarjetas de cr\u00e9dito.<\/li><li>Los datos se almacenan en servidores seguros con acceso limitado.<\/li><\/ul>\t\t\t\t\t\t\t\t<\/div>\n\t\t\t\t<\/div>\n\t\t\t\t\t<\/div>\n\t\t<\/div>\n\t\t\t\t\t<\/div>\n\t\t<\/section>\n\t\t\t\t<section class=\"elementor-section elementor-top-section elementor-element elementor-element-986a109 elementor-section-boxed elementor-section-height-default elementor-section-height-default\" data-id=\"986a109\" data-element_type=\"section\" data-e-type=\"section\">\n\t\t\t\t\t\t<div class=\"elementor-container elementor-column-gap-default\">\n\t\t\t\t\t<div class=\"elementor-column elementor-col-100 elementor-top-column elementor-element elementor-element-cc4d06b\" data-id=\"cc4d06b\" data-element_type=\"column\" data-e-type=\"column\">\n\t\t\t<div class=\"elementor-widget-wrap elementor-element-populated\">\n\t\t\t\t\t\t<div class=\"elementor-element elementor-element-e8ebd77 elementor-widget elementor-widget-heading\" data-id=\"e8ebd77\" data-element_type=\"widget\" data-e-type=\"widget\" data-widget_type=\"heading.default\">\n\t\t\t\t<div class=\"elementor-widget-container\">\n\t\t\t\t\t<h2 class=\"elementor-heading-title elementor-size-default\">4. Compartir su informaci\u00f3n<\/h2>\t\t\t\t<\/div>\n\t\t\t\t<\/div>\n\t\t\t\t<div class=\"elementor-element elementor-element-f4cd8fa elementor-widget elementor-widget-text-editor\" data-id=\"f4cd8fa\" data-element_type=\"widget\" data-e-type=\"widget\" data-widget_type=\"text-editor.default\">\n\t\t\t\t<div class=\"elementor-widget-container\">\n\t\t\t\t\t\t\t\t\t<p>No vendemos ni alquilamos sus datos personales. Sin embargo, podemos compartirlos con:<\/p><ul><li style=\"list-style-type: none;\"><ul><li><strong>Proveedores de servicios:<\/strong> Para la tramitaci\u00f3n de pedidos, env\u00edos o pagos.<\/li><li><strong>Autoridades legales:<\/strong> Si es necesario para cumplir obligaciones legales.<\/li><\/ul><\/li><\/ul>\t\t\t\t\t\t\t\t<\/div>\n\t\t\t\t<\/div>\n\t\t\t\t\t<\/div>\n\t\t<\/div>\n\t\t\t\t\t<\/div>\n\t\t<\/section>\n\t\t\t\t<section class=\"elementor-section elementor-top-section elementor-element elementor-element-6237ecb elementor-section-boxed elementor-section-height-default elementor-section-height-default\" data-id=\"6237ecb\" data-element_type=\"section\" data-e-type=\"section\">\n\t\t\t\t\t\t<div class=\"elementor-container elementor-column-gap-default\">\n\t\t\t\t\t<div class=\"elementor-column elementor-col-100 elementor-top-column elementor-element elementor-element-cf1928c\" data-id=\"cf1928c\" data-element_type=\"column\" data-e-type=\"column\">\n\t\t\t<div class=\"elementor-widget-wrap elementor-element-populated\">\n\t\t\t\t\t\t<div class=\"elementor-element elementor-element-37b42f3 elementor-widget elementor-widget-heading\" data-id=\"37b42f3\" data-element_type=\"widget\" data-e-type=\"widget\" data-widget_type=\"heading.default\">\n\t\t\t\t<div class=\"elementor-widget-container\">\n\t\t\t\t\t<h2 class=\"elementor-heading-title elementor-size-default\">5. Sus derechos<\/h2>\t\t\t\t<\/div>\n\t\t\t\t<\/div>\n\t\t\t\t<div class=\"elementor-element elementor-element-c3a1067 elementor-widget elementor-widget-text-editor\" data-id=\"c3a1067\" data-element_type=\"widget\" data-e-type=\"widget\" data-widget_type=\"text-editor.default\">\n\t\t\t\t<div class=\"elementor-widget-container\">\n\t\t\t\t\t\t\t\t\t<p>Como usuario, tiene derecho a:<\/p><ul><li>Acceda a sus datos personales.<\/li><li>Solicitar correcciones o actualizaciones.<\/li><li>Solicitar la supresi\u00f3n de sus datos (con sujeci\u00f3n a las obligaciones legales).<\/li><\/ul><p>Para ejercer estos derechos, p\u00f3ngase en contacto con nosotros en <a rel=\"noopener\">support@trusted-tabletss.com<\/a>.<\/p>\t\t\t\t\t\t\t\t<\/div>\n\t\t\t\t<\/div>\n\t\t\t\t\t<\/div>\n\t\t<\/div>\n\t\t\t\t\t<\/div>\n\t\t<\/section>\n\t\t\t\t<section class=\"elementor-section elementor-top-section elementor-element elementor-element-50f1f31 elementor-section-boxed elementor-section-height-default elementor-section-height-default\" data-id=\"50f1f31\" data-element_type=\"section\" data-e-type=\"section\">\n\t\t\t\t\t\t<div class=\"elementor-container elementor-column-gap-default\">\n\t\t\t\t\t<div class=\"elementor-column elementor-col-100 elementor-top-column elementor-element elementor-element-6a7f524\" data-id=\"6a7f524\" data-element_type=\"column\" data-e-type=\"column\">\n\t\t\t<div class=\"elementor-widget-wrap elementor-element-populated\">\n\t\t\t\t\t\t<div class=\"elementor-element elementor-element-1741885 elementor-widget elementor-widget-heading\" data-id=\"1741885\" data-element_type=\"widget\" data-e-type=\"widget\" data-widget_type=\"heading.default\">\n\t\t\t\t<div class=\"elementor-widget-container\">\n\t\t\t\t\t<h2 class=\"elementor-heading-title elementor-size-default\">6. Cookies y tecnolog\u00edas de seguimiento<\/h2>\t\t\t\t<\/div>\n\t\t\t\t<\/div>\n\t\t\t\t<div class=\"elementor-element elementor-element-67ee283 elementor-widget elementor-widget-text-editor\" data-id=\"67ee283\" data-element_type=\"widget\" data-e-type=\"widget\" data-widget_type=\"text-editor.default\">\n\t\t\t\t<div class=\"elementor-widget-container\">\n\t\t\t\t\t\t\t\t\t<p>Utilizamos cookies para:<\/p><ul><li>Mejorar la funcionalidad del sitio web.<\/li><li>Seguimiento del uso para an\u00e1lisis.<\/li><li>Almacene sus preferencias para mejorar la experiencia del usuario.<\/li><\/ul><p>Puede gestionar las cookies a trav\u00e9s de la configuraci\u00f3n de su navegador.<\/p>\t\t\t\t\t\t\t\t<\/div>\n\t\t\t\t<\/div>\n\t\t\t\t\t<\/div>\n\t\t<\/div>\n\t\t\t\t\t<\/div>\n\t\t<\/section>\n\t\t\t\t<section class=\"elementor-section elementor-top-section elementor-element elementor-element-7bb7971 elementor-section-boxed elementor-section-height-default elementor-section-height-default\" data-id=\"7bb7971\" data-element_type=\"section\" data-e-type=\"section\">\n\t\t\t\t\t\t<div class=\"elementor-container elementor-column-gap-default\">\n\t\t\t\t\t<div class=\"elementor-column elementor-col-100 elementor-top-column elementor-element elementor-element-dfacca6\" data-id=\"dfacca6\" data-element_type=\"column\" data-e-type=\"column\">\n\t\t\t<div class=\"elementor-widget-wrap elementor-element-populated\">\n\t\t\t\t\t\t<div class=\"elementor-element elementor-element-da77e8f elementor-widget elementor-widget-heading\" data-id=\"da77e8f\" data-element_type=\"widget\" data-e-type=\"widget\" data-widget_type=\"heading.default\">\n\t\t\t\t<div class=\"elementor-widget-container\">\n\t\t\t\t\t<h2 class=\"elementor-heading-title elementor-size-default\">7. Enlaces de terceros<\/h2>\t\t\t\t<\/div>\n\t\t\t\t<\/div>\n\t\t\t\t<div class=\"elementor-element elementor-element-90b1c26 elementor-widget elementor-widget-text-editor\" data-id=\"90b1c26\" data-element_type=\"widget\" data-e-type=\"widget\" data-widget_type=\"text-editor.default\">\n\t\t\t\t<div class=\"elementor-widget-container\">\n\t\t\t\t\t\t\t\t\t<p>Nuestro sitio web puede contener enlaces a sitios de terceros. No somos responsables de las pr\u00e1cticas de privacidad de estos sitios. Revise sus pol\u00edticas de privacidad antes de compartir cualquier dato.<\/p>\t\t\t\t\t\t\t\t<\/div>\n\t\t\t\t<\/div>\n\t\t\t\t\t<\/div>\n\t\t<\/div>\n\t\t\t\t\t<\/div>\n\t\t<\/section>\n\t\t\t\t<section class=\"elementor-section elementor-top-section elementor-element elementor-element-1dd27f0 elementor-section-boxed elementor-section-height-default elementor-section-height-default\" data-id=\"1dd27f0\" data-element_type=\"section\" data-e-type=\"section\">\n\t\t\t\t\t\t<div class=\"elementor-container elementor-column-gap-default\">\n\t\t\t\t\t<div class=\"elementor-column elementor-col-100 elementor-top-column elementor-element elementor-element-912d4b0\" data-id=\"912d4b0\" data-element_type=\"column\" data-e-type=\"column\">\n\t\t\t<div class=\"elementor-widget-wrap elementor-element-populated\">\n\t\t\t\t\t\t<div class=\"elementor-element elementor-element-e10bc2d elementor-widget elementor-widget-heading\" data-id=\"e10bc2d\" data-element_type=\"widget\" data-e-type=\"widget\" data-widget_type=\"heading.default\">\n\t\t\t\t<div class=\"elementor-widget-container\">\n\t\t\t\t\t<h2 class=\"elementor-heading-title elementor-size-default\">8. Cambios en esta pol\u00edtica<\/h2>\t\t\t\t<\/div>\n\t\t\t\t<\/div>\n\t\t\t\t<div class=\"elementor-element elementor-element-76bbe20 elementor-widget elementor-widget-text-editor\" data-id=\"76bbe20\" data-element_type=\"widget\" data-e-type=\"widget\" data-widget_type=\"text-editor.default\">\n\t\t\t\t<div class=\"elementor-widget-container\">\n\t\t\t\t\t\t\t\t\t<p>Podemos actualizar esta Pol\u00edtica de Privacidad de vez en cuando. Las actualizaciones se publicar\u00e1n en esta p\u00e1gina con una nueva fecha de entrada en vigor.<\/p>\t\t\t\t\t\t\t\t<\/div>\n\t\t\t\t<\/div>\n\t\t\t\t\t<\/div>\n\t\t<\/div>\n\t\t\t\t\t<\/div>\n\t\t<\/section>\n\t\t\t\t<\/div>","protected":false},"excerpt":{"rendered":"<p>Welcome to Trusted Tablets. Your privacy is critically important to us. This Privacy Policy outlines how we collect, use, and protect your information when you&#8230;<\/p>","protected":false},"author":1,"featured_media":0,"parent":0,"menu_order":0,"comment_status":"closed","ping_status":"open","template":"","meta":{"footnotes":""},"class_list":["post-3","page","type-page","status-publish","hentry"],"_links":{"self":[{"href":"https:\/\/trusted-tabletss.com\/es\/wp-json\/wp\/v2\/pages\/3","targetHints":{"allow":["GET"]}}],"collection":[{"href":"https:\/\/trusted-tabletss.com\/es\/wp-json\/wp\/v2\/pages"}],"about":[{"href":"https:\/\/trusted-tabletss.com\/es\/wp-json\/wp\/v2\/types\/page"}],"author":[{"embeddable":true,"href":"https:\/\/trusted-tabletss.com\/es\/wp-json\/wp\/v2\/users\/1"}],"replies":[{"embeddable":true,"href":"https:\/\/trusted-tabletss.com\/es\/wp-json\/wp\/v2\/comments?post=3"}],"version-history":[{"count":16,"href":"https:\/\/trusted-tabletss.com\/es\/wp-json\/wp\/v2\/pages\/3\/revisions"}],"predecessor-version":[{"id":4475,"href":"https:\/\/trusted-tabletss.com\/es\/wp-json\/wp\/v2\/pages\/3\/revisions\/4475"}],"wp:attachment":[{"href":"https:\/\/trusted-tabletss.com\/es\/wp-json\/wp\/v2\/media?parent=3"}],"curies":[{"name":"wp","href":"https:\/\/api.w.org\/{rel}","templated":true}]}}