{"id":13,"date":"2025-01-02T18:24:10","date_gmt":"2025-01-02T18:24:10","guid":{"rendered":"https:\/\/trusted-tabletss.com\/?page_id=13"},"modified":"2025-01-05T02:07:00","modified_gmt":"2025-01-05T02:07:00","slug":"remboursements-2","status":"publish","type":"page","link":"https:\/\/trusted-tabletss.com\/fr\/remboursements-2\/","title":{"rendered":"Politique de remboursement et de retour"},"content":{"rendered":"<div data-elementor-type=\"wp-page\" data-elementor-id=\"13\" class=\"elementor elementor-13\" data-elementor-post-type=\"page\">\n\t\t\t\t\t\t<section class=\"elementor-section elementor-top-section elementor-element elementor-element-7d15c3b elementor-section-stretched elementor-section-boxed elementor-section-height-default elementor-section-height-default\" data-id=\"7d15c3b\" data-element_type=\"section\" data-e-type=\"section\" data-settings=\"{&quot;stretch_section&quot;:&quot;section-stretched&quot;}\">\n\t\t\t\t\t\t<div class=\"elementor-container elementor-column-gap-no\">\n\t\t\t\t\t<div class=\"elementor-column elementor-col-100 elementor-top-column elementor-element elementor-element-47f012c\" data-id=\"47f012c\" data-element_type=\"column\" data-e-type=\"column\">\n\t\t\t<div class=\"elementor-widget-wrap elementor-element-populated\">\n\t\t\t\t\t\t<section class=\"elementor-section elementor-inner-section elementor-element elementor-element-da54efb elementor-section-height-min-height elementor-section-boxed elementor-section-height-default\" data-id=\"da54efb\" data-element_type=\"section\" data-e-type=\"section\" data-settings=\"{&quot;background_background&quot;:&quot;classic&quot;}\">\n\t\t\t\t\t\t<div class=\"elementor-container elementor-column-gap-no\">\n\t\t\t\t\t<div class=\"elementor-column elementor-col-66 elementor-inner-column elementor-element elementor-element-e88086e elementor-invisible\" data-id=\"e88086e\" data-element_type=\"column\" data-e-type=\"column\" data-settings=\"{&quot;animation&quot;:&quot;fadeInUp&quot;}\">\n\t\t\t<div class=\"elementor-widget-wrap elementor-element-populated\">\n\t\t\t\t\t\t<div class=\"elementor-element elementor-element-ec98f9b elementor-widget__width-initial elementor-widget elementor-widget-heading\" data-id=\"ec98f9b\" data-element_type=\"widget\" data-e-type=\"widget\" data-widget_type=\"heading.default\">\n\t\t\t\t<div class=\"elementor-widget-container\">\n\t\t\t\t\t<h2 class=\"elementor-heading-title elementor-size-default\">Chez Trusted Tablets, nous nous engageons \u00e0 assurer la satisfaction de nos clients. Si vous n'\u00eates pas satisfait de votre achat, vous pouvez b\u00e9n\u00e9ficier d'un remboursement ou d'un retour selon les conditions d\u00e9crites ci-dessous.\n\n<\/h2>\t\t\t\t<\/div>\n\t\t\t\t<\/div>\n\t\t\t\t\t<\/div>\n\t\t<\/div>\n\t\t\t\t<div class=\"elementor-column elementor-col-33 elementor-inner-column elementor-element elementor-element-6f384ed elementor-hidden-tablet elementor-hidden-mobile\" data-id=\"6f384ed\" data-element_type=\"column\" data-e-type=\"column\">\n\t\t\t<div class=\"elementor-widget-wrap\">\n\t\t\t\t\t\t\t<\/div>\n\t\t<\/div>\n\t\t\t\t\t<\/div>\n\t\t<\/section>\n\t\t\t\t\t<\/div>\n\t\t<\/div>\n\t\t\t\t\t<\/div>\n\t\t<\/section>\n\t\t\t\t<section class=\"elementor-section elementor-top-section elementor-element elementor-element-270038b elementor-section-boxed elementor-section-height-default elementor-section-height-default\" data-id=\"270038b\" data-element_type=\"section\" data-e-type=\"section\">\n\t\t\t\t\t\t<div class=\"elementor-container elementor-column-gap-default\">\n\t\t\t\t\t<div class=\"elementor-column elementor-col-100 elementor-top-column elementor-element elementor-element-662ceaa\" data-id=\"662ceaa\" data-element_type=\"column\" data-e-type=\"column\">\n\t\t\t<div class=\"elementor-widget-wrap elementor-element-populated\">\n\t\t\t\t\t\t<div class=\"elementor-element elementor-element-28a848d elementor-widget elementor-widget-heading\" data-id=\"28a848d\" data-element_type=\"widget\" data-e-type=\"widget\" data-widget_type=\"heading.default\">\n\t\t\t\t<div class=\"elementor-widget-container\">\n\t\t\t\t\t<h2 class=\"elementor-heading-title elementor-size-default\">1. Droit aux remboursements et aux retours<\/h2>\t\t\t\t<\/div>\n\t\t\t\t<\/div>\n\t\t\t\t<div class=\"elementor-element elementor-element-01101c9 elementor-widget elementor-widget-text-editor\" data-id=\"01101c9\" data-element_type=\"widget\" data-e-type=\"widget\" data-widget_type=\"text-editor.default\">\n\t\t\t\t<div class=\"elementor-widget-container\">\n\t\t\t\t\t\t\t\t\t<p>Pour pouvoir b\u00e9n\u00e9ficier d'un remboursement ou d'un retour :<\/p><ul><li style=\"list-style-type: none;\"><ul><li>Le produit doit \u00eatre inutilis\u00e9, non ouvert et dans son emballage d'origine.<\/li><li>Les demandes doivent \u00eatre faites dans un d\u00e9lai de <strong>7 jours<\/strong> de la r\u00e9ception de votre commande.<\/li><li>La preuve d'achat (par exemple, l'e-mail de confirmation de la commande) doit \u00eatre fournie.<\/li><\/ul><\/li><\/ul>\t\t\t\t\t\t\t\t<\/div>\n\t\t\t\t<\/div>\n\t\t\t\t\t<\/div>\n\t\t<\/div>\n\t\t\t\t\t<\/div>\n\t\t<\/section>\n\t\t\t\t<section class=\"elementor-section elementor-top-section elementor-element elementor-element-aab79bf elementor-section-boxed elementor-section-height-default elementor-section-height-default\" data-id=\"aab79bf\" data-element_type=\"section\" data-e-type=\"section\">\n\t\t\t\t\t\t<div class=\"elementor-container elementor-column-gap-default\">\n\t\t\t\t\t<div class=\"elementor-column elementor-col-100 elementor-top-column elementor-element elementor-element-410d697\" data-id=\"410d697\" data-element_type=\"column\" data-e-type=\"column\">\n\t\t\t<div class=\"elementor-widget-wrap elementor-element-populated\">\n\t\t\t\t\t\t<div class=\"elementor-element elementor-element-7fd9592 elementor-widget elementor-widget-heading\" data-id=\"7fd9592\" data-element_type=\"widget\" data-e-type=\"widget\" data-widget_type=\"heading.default\">\n\t\t\t\t<div class=\"elementor-widget-container\">\n\t\t\t\t\t<h2 class=\"elementor-heading-title elementor-size-default\">2. Articles non remboursables\n<\/h2>\t\t\t\t<\/div>\n\t\t\t\t<\/div>\n\t\t\t\t<div class=\"elementor-element elementor-element-c0e95bf elementor-widget elementor-widget-text-editor\" data-id=\"c0e95bf\" data-element_type=\"widget\" data-e-type=\"widget\" data-widget_type=\"text-editor.default\">\n\t\t\t\t<div class=\"elementor-widget-container\">\n\t\t\t\t\t\t\t\t\t<ul><li><p>Les articles suivants ne peuvent faire l'objet d'un remboursement ou d'un retour :<\/p><ul><li>Produits ouverts ou utilis\u00e9s.<\/li><li>Produits endommag\u00e9s \u00e0 la suite d'une mauvaise utilisation ou d'une mauvaise manipulation.<\/li><li>Les articles en d\u00e9stockage ou en promotion portant la mention \"Vente finale\".<\/li><\/ul><\/li><\/ul>\t\t\t\t\t\t\t\t<\/div>\n\t\t\t\t<\/div>\n\t\t\t\t\t<\/div>\n\t\t<\/div>\n\t\t\t\t\t<\/div>\n\t\t<\/section>\n\t\t\t\t<section class=\"elementor-section elementor-top-section elementor-element elementor-element-1a71f55 elementor-section-boxed elementor-section-height-default elementor-section-height-default\" data-id=\"1a71f55\" data-element_type=\"section\" data-e-type=\"section\">\n\t\t\t\t\t\t<div class=\"elementor-container elementor-column-gap-default\">\n\t\t\t\t\t<div class=\"elementor-column elementor-col-100 elementor-top-column elementor-element elementor-element-728eee3\" data-id=\"728eee3\" data-element_type=\"column\" data-e-type=\"column\">\n\t\t\t<div class=\"elementor-widget-wrap elementor-element-populated\">\n\t\t\t\t\t\t<div class=\"elementor-element elementor-element-b8fc6ba elementor-widget elementor-widget-heading\" data-id=\"b8fc6ba\" data-element_type=\"widget\" data-e-type=\"widget\" data-widget_type=\"heading.default\">\n\t\t\t\t<div class=\"elementor-widget-container\">\n\t\t\t\t\t<h2 class=\"elementor-heading-title elementor-size-default\">3. Proc\u00e9dure de remboursement<\/h2>\t\t\t\t<\/div>\n\t\t\t\t<\/div>\n\t\t\t\t<div class=\"elementor-element elementor-element-544fa53 elementor-widget elementor-widget-text-editor\" data-id=\"544fa53\" data-element_type=\"widget\" data-e-type=\"widget\" data-widget_type=\"text-editor.default\">\n\t\t\t\t<div class=\"elementor-widget-container\">\n\t\t\t\t\t\t\t\t\t<ul><li><strong>Soumettre une demande :<\/strong> Contactez-nous \u00e0 l'adresse suivante <a rel=\"noopener\">support@trusted-tabletss.com<\/a> avec les d\u00e9tails de votre commande et la raison du remboursement.<\/li><li><strong>Approbation :<\/strong> Une fois votre demande examin\u00e9e et approuv\u00e9e, vous recevrez des instructions pour renvoyer le produit.<\/li><li><strong>Exp\u00e9dition en retour :<\/strong> Les frais de retour sont \u00e0 la charge des clients.<\/li><li><strong>\u00c9mission de remboursements :<\/strong> Les remboursements seront effectu\u00e9s sur la base du mode de paiement original dans un d\u00e9lai de <strong>5-7 jours ouvrables<\/strong> apr\u00e8s l'inspection de l'article retourn\u00e9.<\/li><\/ul>\t\t\t\t\t\t\t\t<\/div>\n\t\t\t\t<\/div>\n\t\t\t\t\t<\/div>\n\t\t<\/div>\n\t\t\t\t\t<\/div>\n\t\t<\/section>\n\t\t\t\t<section class=\"elementor-section elementor-top-section elementor-element elementor-element-1f0b540 elementor-section-boxed elementor-section-height-default elementor-section-height-default\" data-id=\"1f0b540\" data-element_type=\"section\" data-e-type=\"section\">\n\t\t\t\t\t\t<div class=\"elementor-container elementor-column-gap-default\">\n\t\t\t\t\t<div class=\"elementor-column elementor-col-100 elementor-top-column elementor-element elementor-element-bba8e5d\" data-id=\"bba8e5d\" data-element_type=\"column\" data-e-type=\"column\">\n\t\t\t<div class=\"elementor-widget-wrap elementor-element-populated\">\n\t\t\t\t\t\t<div class=\"elementor-element elementor-element-9f5ab27 elementor-widget elementor-widget-heading\" data-id=\"9f5ab27\" data-element_type=\"widget\" data-e-type=\"widget\" data-widget_type=\"heading.default\">\n\t\t\t\t<div class=\"elementor-widget-container\">\n\t\t\t\t\t<h2 class=\"elementor-heading-title elementor-size-default\">4.  Articles endommag\u00e9s ou incorrects<\/h2>\t\t\t\t<\/div>\n\t\t\t\t<\/div>\n\t\t\t\t<div class=\"elementor-element elementor-element-926cdd6 elementor-widget elementor-widget-text-editor\" data-id=\"926cdd6\" data-element_type=\"widget\" data-e-type=\"widget\" data-widget_type=\"text-editor.default\">\n\t\t\t\t<div class=\"elementor-widget-container\">\n\t\t\t\t\t\t\t\t\t<p>Si votre produit arrive endommag\u00e9 ou incorrect :<\/p><ul><li style=\"list-style-type: none;\"><ul><li>Contactez-nous imm\u00e9diatement \u00e0 l'adresse suivante <a rel=\"noopener\">support@trusted-tabletss.com<\/a>.<\/li><li>Fournir des photos de l'article endommag\u00e9 ou incorrect pour v\u00e9rification.<\/li><li>Nous organiserons un remplacement ou un remboursement, y compris les frais d'exp\u00e9dition, sans frais suppl\u00e9mentaires.<\/li><\/ul><\/li><\/ul>\t\t\t\t\t\t\t\t<\/div>\n\t\t\t\t<\/div>\n\t\t\t\t\t<\/div>\n\t\t<\/div>\n\t\t\t\t\t<\/div>\n\t\t<\/section>\n\t\t\t\t<section class=\"elementor-section elementor-top-section elementor-element elementor-element-f48174c elementor-section-boxed elementor-section-height-default elementor-section-height-default\" data-id=\"f48174c\" data-element_type=\"section\" data-e-type=\"section\">\n\t\t\t\t\t\t<div class=\"elementor-container elementor-column-gap-default\">\n\t\t\t\t\t<div class=\"elementor-column elementor-col-100 elementor-top-column elementor-element elementor-element-cfbde27\" data-id=\"cfbde27\" data-element_type=\"column\" data-e-type=\"column\">\n\t\t\t<div class=\"elementor-widget-wrap elementor-element-populated\">\n\t\t\t\t\t\t<div class=\"elementor-element elementor-element-7b897e8 elementor-widget elementor-widget-heading\" data-id=\"7b897e8\" data-element_type=\"widget\" data-e-type=\"widget\" data-widget_type=\"heading.default\">\n\t\t\t\t<div class=\"elementor-widget-container\">\n\t\t\t\t\t<h2 class=\"elementor-heading-title elementor-size-default\">Remboursements tardifs ou manquants<\/h2>\t\t\t\t<\/div>\n\t\t\t\t<\/div>\n\t\t\t\t<div class=\"elementor-element elementor-element-206d158 elementor-widget elementor-widget-text-editor\" data-id=\"206d158\" data-element_type=\"widget\" data-e-type=\"widget\" data-widget_type=\"text-editor.default\">\n\t\t\t\t<div class=\"elementor-widget-container\">\n\t\t\t\t\t\t\t\t\t<p>Si vous n'avez pas re\u00e7u de remboursement apr\u00e8s la p\u00e9riode de traitement :<\/p><ol><li style=\"list-style-type: none;\"><ol><li>V\u00e9rifiez aupr\u00e8s de votre banque ou de votre prestataire de services de paiement.<\/li><li>Contactez-nous \u00e0 l'adresse suivante <a rel=\"noopener\">support@trusted-tabletss.com<\/a> pour obtenir une assistance suppl\u00e9mentaire.<\/li><\/ol><\/li><\/ol>\t\t\t\t\t\t\t\t<\/div>\n\t\t\t\t<\/div>\n\t\t\t\t\t<\/div>\n\t\t<\/div>\n\t\t\t\t\t<\/div>\n\t\t<\/section>\n\t\t\t\t<section class=\"elementor-section elementor-top-section elementor-element elementor-element-6fc4fba elementor-section-boxed elementor-section-height-default elementor-section-height-default\" data-id=\"6fc4fba\" data-element_type=\"section\" data-e-type=\"section\">\n\t\t\t\t\t\t<div class=\"elementor-container elementor-column-gap-default\">\n\t\t\t\t\t<div class=\"elementor-column elementor-col-100 elementor-top-column elementor-element elementor-element-ffbc621\" data-id=\"ffbc621\" data-element_type=\"column\" data-e-type=\"column\">\n\t\t\t<div class=\"elementor-widget-wrap elementor-element-populated\">\n\t\t\t\t\t\t<div class=\"elementor-element elementor-element-d5c9628 elementor-widget elementor-widget-heading\" data-id=\"d5c9628\" data-element_type=\"widget\" data-e-type=\"widget\" data-widget_type=\"heading.default\">\n\t\t\t\t<div class=\"elementor-widget-container\">\n\t\t\t\t\t<h2 class=\"elementor-heading-title elementor-size-default\">6. Adresse de retour<\/h2>\t\t\t\t<\/div>\n\t\t\t\t<\/div>\n\t\t\t\t<div class=\"elementor-element elementor-element-56f8fef elementor-widget elementor-widget-text-editor\" data-id=\"56f8fef\" data-element_type=\"widget\" data-e-type=\"widget\" data-widget_type=\"text-editor.default\">\n\t\t\t\t<div class=\"elementor-widget-container\">\n\t\t\t\t\t\t\t\t\t<p>Les retours doivent \u00eatre envoy\u00e9s \u00e0 l'adresse indiqu\u00e9e dans l'e-mail d'autorisation de retour. Les retours ne doivent pas \u00eatre envoy\u00e9s sans autorisation pr\u00e9alable.<\/p>\t\t\t\t\t\t\t\t<\/div>\n\t\t\t\t<\/div>\n\t\t\t\t\t<\/div>\n\t\t<\/div>\n\t\t\t\t\t<\/div>\n\t\t<\/section>\n\t\t\t\t<\/div>","protected":false},"excerpt":{"rendered":"<p>At Trusted Tablets, we are committed to ensuring customer satisfaction. If you are not satisfied with your purchase, you may be eligible for a refund&#8230;<\/p>","protected":false},"author":1,"featured_media":0,"parent":0,"menu_order":0,"comment_status":"closed","ping_status":"closed","template":"","meta":{"footnotes":""},"class_list":["post-13","page","type-page","status-publish","hentry"],"_links":{"self":[{"href":"https:\/\/trusted-tabletss.com\/fr\/wp-json\/wp\/v2\/pages\/13","targetHints":{"allow":["GET"]}}],"collection":[{"href":"https:\/\/trusted-tabletss.com\/fr\/wp-json\/wp\/v2\/pages"}],"about":[{"href":"https:\/\/trusted-tabletss.com\/fr\/wp-json\/wp\/v2\/types\/page"}],"author":[{"embeddable":true,"href":"https:\/\/trusted-tabletss.com\/fr\/wp-json\/wp\/v2\/users\/1"}],"replies":[{"embeddable":true,"href":"https:\/\/trusted-tabletss.com\/fr\/wp-json\/wp\/v2\/comments?post=13"}],"version-history":[{"count":11,"href":"https:\/\/trusted-tabletss.com\/fr\/wp-json\/wp\/v2\/pages\/13\/revisions"}],"predecessor-version":[{"id":4498,"href":"https:\/\/trusted-tabletss.com\/fr\/wp-json\/wp\/v2\/pages\/13\/revisions\/4498"}],"wp:attachment":[{"href":"https:\/\/trusted-tabletss.com\/fr\/wp-json\/wp\/v2\/media?parent=13"}],"curies":[{"name":"wp","href":"https:\/\/api.w.org\/{rel}","templated":true}]}}