{"id":4385,"date":"2025-01-02T18:19:27","date_gmt":"2025-01-02T18:19:27","guid":{"rendered":"https:\/\/trusted-tabletss.com\/?page_id=4385"},"modified":"2025-01-05T02:06:39","modified_gmt":"2025-01-05T02:06:39","slug":"expedition-et-livraison","status":"publish","type":"page","link":"https:\/\/trusted-tabletss.com\/fr\/expedition-et-livraison\/","title":{"rendered":"Exp\u00e9dition et livraison"},"content":{"rendered":"<div data-elementor-type=\"wp-page\" data-elementor-id=\"4385\" class=\"elementor elementor-4385\" data-elementor-post-type=\"page\">\n\t\t\t\t\t\t<section class=\"elementor-section elementor-top-section elementor-element elementor-element-6c05009 elementor-section-stretched elementor-section-boxed elementor-section-height-default elementor-section-height-default\" data-id=\"6c05009\" data-element_type=\"section\" data-e-type=\"section\" data-settings=\"{&quot;stretch_section&quot;:&quot;section-stretched&quot;}\">\n\t\t\t\t\t\t<div class=\"elementor-container elementor-column-gap-no\">\n\t\t\t\t\t<div class=\"elementor-column elementor-col-100 elementor-top-column elementor-element elementor-element-a8a63a1\" data-id=\"a8a63a1\" data-element_type=\"column\" data-e-type=\"column\">\n\t\t\t<div class=\"elementor-widget-wrap elementor-element-populated\">\n\t\t\t\t\t\t<section class=\"elementor-section elementor-inner-section elementor-element elementor-element-fe30439 elementor-section-height-min-height elementor-section-boxed elementor-section-height-default\" data-id=\"fe30439\" data-element_type=\"section\" data-e-type=\"section\" data-settings=\"{&quot;background_background&quot;:&quot;classic&quot;}\">\n\t\t\t\t\t\t<div class=\"elementor-container elementor-column-gap-no\">\n\t\t\t\t\t<div class=\"elementor-column elementor-col-66 elementor-inner-column elementor-element elementor-element-0b1fc8d elementor-invisible\" data-id=\"0b1fc8d\" data-element_type=\"column\" data-e-type=\"column\" data-settings=\"{&quot;animation&quot;:&quot;fadeInUp&quot;}\">\n\t\t\t<div class=\"elementor-widget-wrap elementor-element-populated\">\n\t\t\t\t\t\t<div class=\"elementor-element elementor-element-1099a5c elementor-widget__width-initial elementor-widget elementor-widget-heading\" data-id=\"1099a5c\" data-element_type=\"widget\" data-e-type=\"widget\" data-widget_type=\"heading.default\">\n\t\t\t\t<div class=\"elementor-widget-container\">\n\t\t\t\t\t<h2 class=\"elementor-heading-title elementor-size-default\">Chez Trusted Tablets, nous nous engageons \u00e0 livrer vos commandes rapidement, en toute s\u00e9curit\u00e9 et en toute discr\u00e9tion. Vous trouverez ci-dessous les d\u00e9tails de notre processus d'exp\u00e9dition et de livraison.\n\n<\/h2>\t\t\t\t<\/div>\n\t\t\t\t<\/div>\n\t\t\t\t\t<\/div>\n\t\t<\/div>\n\t\t\t\t<div class=\"elementor-column elementor-col-33 elementor-inner-column elementor-element elementor-element-88c9fd2 elementor-hidden-tablet elementor-hidden-mobile\" data-id=\"88c9fd2\" data-element_type=\"column\" data-e-type=\"column\">\n\t\t\t<div class=\"elementor-widget-wrap\">\n\t\t\t\t\t\t\t<\/div>\n\t\t<\/div>\n\t\t\t\t\t<\/div>\n\t\t<\/section>\n\t\t\t\t\t<\/div>\n\t\t<\/div>\n\t\t\t\t\t<\/div>\n\t\t<\/section>\n\t\t\t\t<section class=\"elementor-section elementor-top-section elementor-element elementor-element-400251f elementor-section-boxed elementor-section-height-default elementor-section-height-default\" data-id=\"400251f\" data-element_type=\"section\" data-e-type=\"section\">\n\t\t\t\t\t\t<div class=\"elementor-container elementor-column-gap-default\">\n\t\t\t\t\t<div class=\"elementor-column elementor-col-100 elementor-top-column elementor-element elementor-element-9eee05d\" data-id=\"9eee05d\" data-element_type=\"column\" data-e-type=\"column\">\n\t\t\t<div class=\"elementor-widget-wrap elementor-element-populated\">\n\t\t\t\t\t\t<div class=\"elementor-element elementor-element-c61c383 elementor-widget elementor-widget-heading\" data-id=\"c61c383\" data-element_type=\"widget\" data-e-type=\"widget\" data-widget_type=\"heading.default\">\n\t\t\t\t<div class=\"elementor-widget-container\">\n\t\t\t\t\t<h2 class=\"elementor-heading-title elementor-size-default\">1. R\u00e9gions d'exp\u00e9dition<\/h2>\t\t\t\t<\/div>\n\t\t\t\t<\/div>\n\t\t\t\t<div class=\"elementor-element elementor-element-8fbe0ba elementor-widget elementor-widget-text-editor\" data-id=\"8fbe0ba\" data-element_type=\"widget\" data-e-type=\"widget\" data-widget_type=\"text-editor.default\">\n\t\t\t\t<div class=\"elementor-widget-container\">\n\t\t\t\t\t\t\t\t\t<ul><li><p>Nous exp\u00e9dions dans le monde entier, avec les d\u00e9lais de livraison suivants :<\/p><ul><li><strong>\u00c9tats-Unis et Canada :<\/strong> Livraison dans les <strong>3-4 jours ouvrables<\/strong>.<\/li><li><strong>L'Europe :<\/strong> Livraison dans les <strong>5-7 jours ouvrables<\/strong>.<\/li><li><strong>Autres r\u00e9gions :<\/strong> Les d\u00e9lais de livraison varient en fonction de l'endroit o\u00f9 l'on se trouve. <strong>7-10 jours ouvrables<\/strong>.<\/li><\/ul><\/li><\/ul>\t\t\t\t\t\t\t\t<\/div>\n\t\t\t\t<\/div>\n\t\t\t\t\t<\/div>\n\t\t<\/div>\n\t\t\t\t\t<\/div>\n\t\t<\/section>\n\t\t\t\t<section class=\"elementor-section elementor-top-section elementor-element elementor-element-31f3a9d elementor-section-boxed elementor-section-height-default elementor-section-height-default\" data-id=\"31f3a9d\" data-element_type=\"section\" data-e-type=\"section\">\n\t\t\t\t\t\t<div class=\"elementor-container elementor-column-gap-default\">\n\t\t\t\t\t<div class=\"elementor-column elementor-col-100 elementor-top-column elementor-element elementor-element-b7f4f3a\" data-id=\"b7f4f3a\" data-element_type=\"column\" data-e-type=\"column\">\n\t\t\t<div class=\"elementor-widget-wrap elementor-element-populated\">\n\t\t\t\t\t\t<div class=\"elementor-element elementor-element-539a77a elementor-widget elementor-widget-heading\" data-id=\"539a77a\" data-element_type=\"widget\" data-e-type=\"widget\" data-widget_type=\"heading.default\">\n\t\t\t\t<div class=\"elementor-widget-container\">\n\t\t\t\t\t<h2 class=\"elementor-heading-title elementor-size-default\">2. M\u00e9thodes d'exp\u00e9dition\n<\/h2>\t\t\t\t<\/div>\n\t\t\t\t<\/div>\n\t\t\t\t<div class=\"elementor-element elementor-element-3866a1b elementor-widget elementor-widget-text-editor\" data-id=\"3866a1b\" data-element_type=\"widget\" data-e-type=\"widget\" data-widget_type=\"text-editor.default\">\n\t\t\t\t<div class=\"elementor-widget-container\">\n\t\t\t\t\t\t\t\t\t<p>Nous faisons appel \u00e0 des transporteurs de confiance pour garantir une livraison fiable et efficace :<\/p><ul><li style=\"list-style-type: none;\"><ul><li>USPS<\/li><li>FedEx<\/li><li>UPS<\/li><\/ul><\/li><\/ul>\t\t\t\t\t\t\t\t<\/div>\n\t\t\t\t<\/div>\n\t\t\t\t\t<\/div>\n\t\t<\/div>\n\t\t\t\t\t<\/div>\n\t\t<\/section>\n\t\t\t\t<section class=\"elementor-section elementor-top-section elementor-element elementor-element-d9ad2f7 elementor-section-boxed elementor-section-height-default elementor-section-height-default\" data-id=\"d9ad2f7\" data-element_type=\"section\" data-e-type=\"section\">\n\t\t\t\t\t\t<div class=\"elementor-container elementor-column-gap-default\">\n\t\t\t\t\t<div class=\"elementor-column elementor-col-100 elementor-top-column elementor-element elementor-element-df16aeb\" data-id=\"df16aeb\" data-element_type=\"column\" data-e-type=\"column\">\n\t\t\t<div class=\"elementor-widget-wrap elementor-element-populated\">\n\t\t\t\t\t\t<div class=\"elementor-element elementor-element-c473818 elementor-widget elementor-widget-heading\" data-id=\"c473818\" data-element_type=\"widget\" data-e-type=\"widget\" data-widget_type=\"heading.default\">\n\t\t\t\t<div class=\"elementor-widget-container\">\n\t\t\t\t\t<h2 class=\"elementor-heading-title elementor-size-default\">3. Emballage discret<\/h2>\t\t\t\t<\/div>\n\t\t\t\t<\/div>\n\t\t\t\t<div class=\"elementor-element elementor-element-0796083 elementor-widget elementor-widget-text-editor\" data-id=\"0796083\" data-element_type=\"widget\" data-e-type=\"widget\" data-widget_type=\"text-editor.default\">\n\t\t\t\t<div class=\"elementor-widget-container\">\n\t\t\t\t\t\t\t\t\t<ul><li>Nous accordons la priorit\u00e9 \u00e0 la protection de votre vie priv\u00e9e. Toutes les commandes sont exp\u00e9di\u00e9es dans des bo\u00eetes ou des enveloppes neutres et non marqu\u00e9es, sans indication du contenu ou des coordonn\u00e9es de l'exp\u00e9diteur. Cela garantit une totale confidentialit\u00e9.<\/li><\/ul>\t\t\t\t\t\t\t\t<\/div>\n\t\t\t\t<\/div>\n\t\t\t\t\t<\/div>\n\t\t<\/div>\n\t\t\t\t\t<\/div>\n\t\t<\/section>\n\t\t\t\t<section class=\"elementor-section elementor-top-section elementor-element elementor-element-5e8ce80 elementor-section-boxed elementor-section-height-default elementor-section-height-default\" data-id=\"5e8ce80\" data-element_type=\"section\" data-e-type=\"section\">\n\t\t\t\t\t\t<div class=\"elementor-container elementor-column-gap-default\">\n\t\t\t\t\t<div class=\"elementor-column elementor-col-100 elementor-top-column elementor-element elementor-element-0c6ab01\" data-id=\"0c6ab01\" data-element_type=\"column\" data-e-type=\"column\">\n\t\t\t<div class=\"elementor-widget-wrap elementor-element-populated\">\n\t\t\t\t\t\t<div class=\"elementor-element elementor-element-4e18aa3 elementor-widget elementor-widget-heading\" data-id=\"4e18aa3\" data-element_type=\"widget\" data-e-type=\"widget\" data-widget_type=\"heading.default\">\n\t\t\t\t<div class=\"elementor-widget-container\">\n\t\t\t\t\t<h2 class=\"elementor-heading-title elementor-size-default\">4. Frais d'exp\u00e9dition<\/h2>\t\t\t\t<\/div>\n\t\t\t\t<\/div>\n\t\t\t\t<div class=\"elementor-element elementor-element-200c7cc elementor-widget elementor-widget-text-editor\" data-id=\"200c7cc\" data-element_type=\"widget\" data-e-type=\"widget\" data-widget_type=\"text-editor.default\">\n\t\t\t\t<div class=\"elementor-widget-container\">\n\t\t\t\t\t\t\t\t\t<ul><li>Les frais d'exp\u00e9dition sont calcul\u00e9s lors de la commande en fonction de votre localisation et de la taille de votre commande.<\/li><li>La livraison gratuite peut \u00eatre offerte pour les commandes plus importantes ou lors de promotions sp\u00e9ciales.<\/li><\/ul>\t\t\t\t\t\t\t\t<\/div>\n\t\t\t\t<\/div>\n\t\t\t\t\t<\/div>\n\t\t<\/div>\n\t\t\t\t\t<\/div>\n\t\t<\/section>\n\t\t\t\t<section class=\"elementor-section elementor-top-section elementor-element elementor-element-8a29a8a elementor-section-boxed elementor-section-height-default elementor-section-height-default\" data-id=\"8a29a8a\" data-element_type=\"section\" data-e-type=\"section\">\n\t\t\t\t\t\t<div class=\"elementor-container elementor-column-gap-default\">\n\t\t\t\t\t<div class=\"elementor-column elementor-col-100 elementor-top-column elementor-element elementor-element-484d847\" data-id=\"484d847\" data-element_type=\"column\" data-e-type=\"column\">\n\t\t\t<div class=\"elementor-widget-wrap elementor-element-populated\">\n\t\t\t\t\t\t<div class=\"elementor-element elementor-element-b44b6ce elementor-widget elementor-widget-heading\" data-id=\"b44b6ce\" data-element_type=\"widget\" data-e-type=\"widget\" data-widget_type=\"heading.default\">\n\t\t\t\t<div class=\"elementor-widget-container\">\n\t\t\t\t\t<h2 class=\"elementor-heading-title elementor-size-default\">5. D\u00e9lai de traitement des commandes<\/h2>\t\t\t\t<\/div>\n\t\t\t\t<\/div>\n\t\t\t\t<div class=\"elementor-element elementor-element-5b59ef4 elementor-widget elementor-widget-text-editor\" data-id=\"5b59ef4\" data-element_type=\"widget\" data-e-type=\"widget\" data-widget_type=\"text-editor.default\">\n\t\t\t\t<div class=\"elementor-widget-container\">\n\t\t\t\t\t\t\t\t\t<ul><li>Les commandes sont trait\u00e9es dans un d\u00e9lai de <strong>24 heures<\/strong> de la confirmation du paiement.<\/li><li>Les commandes pass\u00e9es le week-end ou les jours f\u00e9ri\u00e9s seront trait\u00e9es le jour ouvrable suivant.<\/li><\/ul>\t\t\t\t\t\t\t\t<\/div>\n\t\t\t\t<\/div>\n\t\t\t\t\t<\/div>\n\t\t<\/div>\n\t\t\t\t\t<\/div>\n\t\t<\/section>\n\t\t\t\t<section class=\"elementor-section elementor-top-section elementor-element elementor-element-39ab548 elementor-section-boxed elementor-section-height-default elementor-section-height-default\" data-id=\"39ab548\" data-element_type=\"section\" data-e-type=\"section\">\n\t\t\t\t\t\t<div class=\"elementor-container elementor-column-gap-default\">\n\t\t\t\t\t<div class=\"elementor-column elementor-col-100 elementor-top-column elementor-element elementor-element-63e4872\" data-id=\"63e4872\" data-element_type=\"column\" data-e-type=\"column\">\n\t\t\t<div class=\"elementor-widget-wrap elementor-element-populated\">\n\t\t\t\t\t\t<div class=\"elementor-element elementor-element-43b1783 elementor-widget elementor-widget-heading\" data-id=\"43b1783\" data-element_type=\"widget\" data-e-type=\"widget\" data-widget_type=\"heading.default\">\n\t\t\t\t<div class=\"elementor-widget-container\">\n\t\t\t\t\t<h2 class=\"elementor-heading-title elementor-size-default\">6. Suivi de votre commande<\/h2>\t\t\t\t<\/div>\n\t\t\t\t<\/div>\n\t\t\t\t<div class=\"elementor-element elementor-element-a140a70 elementor-widget elementor-widget-text-editor\" data-id=\"a140a70\" data-element_type=\"widget\" data-e-type=\"widget\" data-widget_type=\"text-editor.default\">\n\t\t\t\t<div class=\"elementor-widget-container\">\n\t\t\t\t\t\t\t\t\t<p>Une fois votre commande exp\u00e9di\u00e9e, vous recevrez un num\u00e9ro de suivi par courrier \u00e9lectronique. Vous pouvez utiliser ce num\u00e9ro pour suivre votre envoi en temps r\u00e9el.<\/p>\t\t\t\t\t\t\t\t<\/div>\n\t\t\t\t<\/div>\n\t\t\t\t\t<\/div>\n\t\t<\/div>\n\t\t\t\t\t<\/div>\n\t\t<\/section>\n\t\t\t\t<section class=\"elementor-section elementor-top-section elementor-element elementor-element-db37cf6 elementor-section-boxed elementor-section-height-default elementor-section-height-default\" data-id=\"db37cf6\" data-element_type=\"section\" data-e-type=\"section\">\n\t\t\t\t\t\t<div class=\"elementor-container elementor-column-gap-default\">\n\t\t\t\t\t<div class=\"elementor-column elementor-col-100 elementor-top-column elementor-element elementor-element-731460c\" data-id=\"731460c\" data-element_type=\"column\" data-e-type=\"column\">\n\t\t\t<div class=\"elementor-widget-wrap elementor-element-populated\">\n\t\t\t\t\t\t<div class=\"elementor-element elementor-element-3b7c272 elementor-widget elementor-widget-heading\" data-id=\"3b7c272\" data-element_type=\"widget\" data-e-type=\"widget\" data-widget_type=\"heading.default\">\n\t\t\t\t<div class=\"elementor-widget-container\">\n\t\t\t\t\t<h2 class=\"elementor-heading-title elementor-size-default\">7. R\u00e9glementation douani\u00e8re et d'importation<\/h2>\t\t\t\t<\/div>\n\t\t\t\t<\/div>\n\t\t\t\t<div class=\"elementor-element elementor-element-3f6f46e elementor-widget elementor-widget-text-editor\" data-id=\"3f6f46e\" data-element_type=\"widget\" data-e-type=\"widget\" data-widget_type=\"text-editor.default\">\n\t\t\t\t<div class=\"elementor-widget-container\">\n\t\t\t\t\t\t\t\t\t<ul><li>Il incombe aux clients de s'assurer que les produits command\u00e9s sont conformes \u00e0 la r\u00e9glementation de leur pays en mati\u00e8re d'importation.<\/li><li>Trusted Tablets n'est pas responsable des colis retenus, retard\u00e9s ou confisqu\u00e9s par les douanes.<\/li><\/ul>\t\t\t\t\t\t\t\t<\/div>\n\t\t\t\t<\/div>\n\t\t\t\t\t<\/div>\n\t\t<\/div>\n\t\t\t\t\t<\/div>\n\t\t<\/section>\n\t\t\t\t<section class=\"elementor-section elementor-top-section elementor-element elementor-element-e7bab2a elementor-section-boxed elementor-section-height-default elementor-section-height-default\" data-id=\"e7bab2a\" data-element_type=\"section\" data-e-type=\"section\">\n\t\t\t\t\t\t<div class=\"elementor-container elementor-column-gap-default\">\n\t\t\t\t\t<div class=\"elementor-column elementor-col-100 elementor-top-column elementor-element elementor-element-095120c\" data-id=\"095120c\" data-element_type=\"column\" data-e-type=\"column\">\n\t\t\t<div class=\"elementor-widget-wrap elementor-element-populated\">\n\t\t\t\t\t\t<div class=\"elementor-element elementor-element-3ab0cda elementor-widget elementor-widget-heading\" data-id=\"3ab0cda\" data-element_type=\"widget\" data-e-type=\"widget\" data-widget_type=\"heading.default\">\n\t\t\t\t<div class=\"elementor-widget-container\">\n\t\t\t\t\t<h2 class=\"elementor-heading-title elementor-size-default\">8. Envois perdus ou retard\u00e9s<\/h2>\t\t\t\t<\/div>\n\t\t\t\t<\/div>\n\t\t\t\t<div class=\"elementor-element elementor-element-d3d047c elementor-widget elementor-widget-text-editor\" data-id=\"d3d047c\" data-element_type=\"widget\" data-e-type=\"widget\" data-widget_type=\"text-editor.default\">\n\t\t\t\t<div class=\"elementor-widget-container\">\n\t\t\t\t\t\t\t\t\t<p>Bien que nous travaillions avec des transporteurs fiables, des retards peuvent survenir en raison de circonstances impr\u00e9vues telles que les conditions m\u00e9t\u00e9orologiques, les formalit\u00e9s douani\u00e8res ou des probl\u00e8mes de messagerie. Si votre colis subit un retard important, veuillez nous contacter \u00e0 l'adresse suivante <a rel=\"noopener\">support@trusted-tabletss.com<\/a>.<\/p>\t\t\t\t\t\t\t\t<\/div>\n\t\t\t\t<\/div>\n\t\t\t\t\t<\/div>\n\t\t<\/div>\n\t\t\t\t\t<\/div>\n\t\t<\/section>\n\t\t\t\t<section class=\"elementor-section elementor-top-section elementor-element elementor-element-4456441 elementor-section-boxed elementor-section-height-default elementor-section-height-default\" data-id=\"4456441\" data-element_type=\"section\" data-e-type=\"section\">\n\t\t\t\t\t\t<div class=\"elementor-container elementor-column-gap-default\">\n\t\t\t\t\t<div class=\"elementor-column elementor-col-100 elementor-top-column elementor-element elementor-element-4c16e72\" data-id=\"4c16e72\" data-element_type=\"column\" data-e-type=\"column\">\n\t\t\t<div class=\"elementor-widget-wrap elementor-element-populated\">\n\t\t\t\t\t\t<div class=\"elementor-element elementor-element-eee293c elementor-widget elementor-widget-heading\" data-id=\"eee293c\" data-element_type=\"widget\" data-e-type=\"widget\" data-widget_type=\"heading.default\">\n\t\t\t\t<div class=\"elementor-widget-container\">\n\t\t\t\t\t<h2 class=\"elementor-heading-title elementor-size-default\">9. Questions relatives \u00e0 l'exp\u00e9dition<\/h2>\t\t\t\t<\/div>\n\t\t\t\t<\/div>\n\t\t\t\t<div class=\"elementor-element elementor-element-568e73e elementor-widget elementor-widget-text-editor\" data-id=\"568e73e\" data-element_type=\"widget\" data-e-type=\"widget\" data-widget_type=\"text-editor.default\">\n\t\t\t\t<div class=\"elementor-widget-container\">\n\t\t\t\t\t\t\t\t\t<ul><li><strong>Paquets perdus :<\/strong> Contactez-nous pour obtenir de l'aide afin de r\u00e9soudre les probl\u00e8mes avec le transporteur.<\/li><li><strong>Articles endommag\u00e9s :<\/strong> Fournissez des photos de l'emballage endommag\u00e9 et de son contenu, et nous ferons le n\u00e9cessaire pour le remplacer.<\/li><li><strong>\u00c9l\u00e9ments incorrects :<\/strong> Notifiez-nous imm\u00e9diatement et nous vous enverrons les articles corrects dans les meilleurs d\u00e9lais.<\/li><\/ul>\t\t\t\t\t\t\t\t<\/div>\n\t\t\t\t<\/div>\n\t\t\t\t\t<\/div>\n\t\t<\/div>\n\t\t\t\t\t<\/div>\n\t\t<\/section>\n\t\t\t\t<section class=\"elementor-section elementor-top-section elementor-element elementor-element-415ec03 elementor-section-boxed elementor-section-height-default elementor-section-height-default\" data-id=\"415ec03\" data-element_type=\"section\" data-e-type=\"section\">\n\t\t\t\t\t\t<div class=\"elementor-container elementor-column-gap-default\">\n\t\t\t\t\t<div class=\"elementor-column elementor-col-100 elementor-top-column elementor-element elementor-element-0a18128\" data-id=\"0a18128\" data-element_type=\"column\" data-e-type=\"column\">\n\t\t\t<div class=\"elementor-widget-wrap elementor-element-populated\">\n\t\t\t\t\t\t<div class=\"elementor-element elementor-element-ba6b59e elementor-widget elementor-widget-heading\" data-id=\"ba6b59e\" data-element_type=\"widget\" data-e-type=\"widget\" data-widget_type=\"heading.default\">\n\t\t\t\t<div class=\"elementor-widget-container\">\n\t\t\t\t\t<h2 class=\"elementor-heading-title elementor-size-default\">10. Offres de livraison gratuite<\/h2>\t\t\t\t<\/div>\n\t\t\t\t<\/div>\n\t\t\t\t<div class=\"elementor-element elementor-element-21222d2 elementor-widget elementor-widget-text-editor\" data-id=\"21222d2\" data-element_type=\"widget\" data-e-type=\"widget\" data-widget_type=\"text-editor.default\">\n\t\t\t\t<div class=\"elementor-widget-container\">\n\t\t\t\t\t\t\t\t\t<p>De temps \u00e0 autre, nous offrons des promotions de livraison gratuite pour les commandes d\u00e9passant un certain montant. Les d\u00e9tails de ces offres seront fournis lors du paiement.<\/p>\t\t\t\t\t\t\t\t<\/div>\n\t\t\t\t<\/div>\n\t\t\t\t\t<\/div>\n\t\t<\/div>\n\t\t\t\t\t<\/div>\n\t\t<\/section>\n\t\t\t\t<\/div>","protected":false},"excerpt":{"rendered":"<p>At Trusted Tablets, we are committed to delivering your orders quickly, securely, and discreetly. Below are the details of our shipping and delivery process. 1&#8230;.<\/p>","protected":false},"author":1,"featured_media":0,"parent":0,"menu_order":0,"comment_status":"closed","ping_status":"closed","template":"","meta":{"footnotes":""},"class_list":["post-4385","page","type-page","status-publish","hentry"],"_links":{"self":[{"href":"https:\/\/trusted-tabletss.com\/fr\/wp-json\/wp\/v2\/pages\/4385","targetHints":{"allow":["GET"]}}],"collection":[{"href":"https:\/\/trusted-tabletss.com\/fr\/wp-json\/wp\/v2\/pages"}],"about":[{"href":"https:\/\/trusted-tabletss.com\/fr\/wp-json\/wp\/v2\/types\/page"}],"author":[{"embeddable":true,"href":"https:\/\/trusted-tabletss.com\/fr\/wp-json\/wp\/v2\/users\/1"}],"replies":[{"embeddable":true,"href":"https:\/\/trusted-tabletss.com\/fr\/wp-json\/wp\/v2\/comments?post=4385"}],"version-history":[{"count":10,"href":"https:\/\/trusted-tabletss.com\/fr\/wp-json\/wp\/v2\/pages\/4385\/revisions"}],"predecessor-version":[{"id":4466,"href":"https:\/\/trusted-tabletss.com\/fr\/wp-json\/wp\/v2\/pages\/4385\/revisions\/4466"}],"wp:attachment":[{"href":"https:\/\/trusted-tabletss.com\/fr\/wp-json\/wp\/v2\/media?parent=4385"}],"curies":[{"name":"wp","href":"https:\/\/api.w.org\/{rel}","templated":true}]}}