{"id":4391,"date":"2025-01-02T18:25:14","date_gmt":"2025-01-02T18:25:14","guid":{"rendered":"https:\/\/trusted-tabletss.com\/?page_id=4391"},"modified":"2025-01-05T02:07:16","modified_gmt":"2025-01-05T02:07:16","slug":"conditions-generales","status":"publish","type":"page","link":"https:\/\/trusted-tabletss.com\/fr\/conditions-generales\/","title":{"rendered":"Conditions d'utilisation"},"content":{"rendered":"<div data-elementor-type=\"wp-page\" data-elementor-id=\"4391\" class=\"elementor elementor-4391\" data-elementor-post-type=\"page\">\n\t\t\t\t\t\t<section class=\"elementor-section elementor-top-section elementor-element elementor-element-2af6d6d elementor-section-stretched elementor-section-boxed elementor-section-height-default elementor-section-height-default\" data-id=\"2af6d6d\" data-element_type=\"section\" data-e-type=\"section\" data-settings=\"{&quot;stretch_section&quot;:&quot;section-stretched&quot;}\">\n\t\t\t\t\t\t<div class=\"elementor-container elementor-column-gap-no\">\n\t\t\t\t\t<div class=\"elementor-column elementor-col-100 elementor-top-column elementor-element elementor-element-8546593\" data-id=\"8546593\" data-element_type=\"column\" data-e-type=\"column\">\n\t\t\t<div class=\"elementor-widget-wrap elementor-element-populated\">\n\t\t\t\t\t\t<section class=\"elementor-section elementor-inner-section elementor-element elementor-element-8ac48e8 elementor-section-height-min-height elementor-section-boxed elementor-section-height-default\" data-id=\"8ac48e8\" data-element_type=\"section\" data-e-type=\"section\" data-settings=\"{&quot;background_background&quot;:&quot;classic&quot;}\">\n\t\t\t\t\t\t<div class=\"elementor-container elementor-column-gap-no\">\n\t\t\t\t\t<div class=\"elementor-column elementor-col-66 elementor-inner-column elementor-element elementor-element-696cbd5 elementor-invisible\" data-id=\"696cbd5\" data-element_type=\"column\" data-e-type=\"column\" data-settings=\"{&quot;animation&quot;:&quot;fadeInUp&quot;}\">\n\t\t\t<div class=\"elementor-widget-wrap elementor-element-populated\">\n\t\t\t\t\t\t<div class=\"elementor-element elementor-element-315533a elementor-widget__width-initial elementor-widget elementor-widget-heading\" data-id=\"315533a\" data-element_type=\"widget\" data-e-type=\"widget\" data-widget_type=\"heading.default\">\n\t\t\t\t<div class=\"elementor-widget-container\">\n\t\t\t\t\t<h2 class=\"elementor-heading-title elementor-size-default\">Bienvenue sur le site de Trusted Tablets. En acc\u00e9dant \u00e0 notre site web ou en l'utilisant, vous acceptez de vous conformer aux conditions g\u00e9n\u00e9rales suivantes et d'\u00eatre li\u00e9 par elles. Si vous n'\u00eates pas d'accord, veuillez vous abstenir d'utiliser notre site web.<\/h2>\t\t\t\t<\/div>\n\t\t\t\t<\/div>\n\t\t\t\t\t<\/div>\n\t\t<\/div>\n\t\t\t\t<div class=\"elementor-column elementor-col-33 elementor-inner-column elementor-element elementor-element-24ad18f elementor-hidden-tablet elementor-hidden-mobile\" data-id=\"24ad18f\" data-element_type=\"column\" data-e-type=\"column\">\n\t\t\t<div class=\"elementor-widget-wrap\">\n\t\t\t\t\t\t\t<\/div>\n\t\t<\/div>\n\t\t\t\t\t<\/div>\n\t\t<\/section>\n\t\t\t\t\t<\/div>\n\t\t<\/div>\n\t\t\t\t\t<\/div>\n\t\t<\/section>\n\t\t\t\t<section class=\"elementor-section elementor-top-section elementor-element elementor-element-1f293d3 elementor-section-boxed elementor-section-height-default elementor-section-height-default\" data-id=\"1f293d3\" data-element_type=\"section\" data-e-type=\"section\">\n\t\t\t\t\t\t<div class=\"elementor-container elementor-column-gap-default\">\n\t\t\t\t\t<div class=\"elementor-column elementor-col-100 elementor-top-column elementor-element elementor-element-dd7a40c\" data-id=\"dd7a40c\" data-element_type=\"column\" data-e-type=\"column\">\n\t\t\t<div class=\"elementor-widget-wrap elementor-element-populated\">\n\t\t\t\t\t\t<div class=\"elementor-element elementor-element-fdddea7 elementor-widget elementor-widget-heading\" data-id=\"fdddea7\" data-element_type=\"widget\" data-e-type=\"widget\" data-widget_type=\"heading.default\">\n\t\t\t\t<div class=\"elementor-widget-container\">\n\t\t\t\t\t<h2 class=\"elementor-heading-title elementor-size-default\">1. L'\u00e9ligibilit\u00e9<\/h2>\t\t\t\t<\/div>\n\t\t\t\t<\/div>\n\t\t\t\t<div class=\"elementor-element elementor-element-c24ac5c elementor-widget elementor-widget-text-editor\" data-id=\"c24ac5c\" data-element_type=\"widget\" data-e-type=\"widget\" data-widget_type=\"text-editor.default\">\n\t\t\t\t<div class=\"elementor-widget-container\">\n\t\t\t\t\t\t\t\t\t<ul><li>Vous devez \u00eatre \u00e2g\u00e9 d'au moins 18 ans pour utiliser ce site web et acheter des produits.<\/li><li>En utilisant ce site web, vous confirmez que vous avez l'\u00e2ge l\u00e9gal dans votre juridiction.<\/li><\/ul>\t\t\t\t\t\t\t\t<\/div>\n\t\t\t\t<\/div>\n\t\t\t\t\t<\/div>\n\t\t<\/div>\n\t\t\t\t\t<\/div>\n\t\t<\/section>\n\t\t\t\t<section class=\"elementor-section elementor-top-section elementor-element elementor-element-ba3a938 elementor-section-boxed elementor-section-height-default elementor-section-height-default\" data-id=\"ba3a938\" data-element_type=\"section\" data-e-type=\"section\">\n\t\t\t\t\t\t<div class=\"elementor-container elementor-column-gap-default\">\n\t\t\t\t\t<div class=\"elementor-column elementor-col-100 elementor-top-column elementor-element elementor-element-cdcecf9\" data-id=\"cdcecf9\" data-element_type=\"column\" data-e-type=\"column\">\n\t\t\t<div class=\"elementor-widget-wrap elementor-element-populated\">\n\t\t\t\t\t\t<div class=\"elementor-element elementor-element-9d3e7dd elementor-widget elementor-widget-heading\" data-id=\"9d3e7dd\" data-element_type=\"widget\" data-e-type=\"widget\" data-widget_type=\"heading.default\">\n\t\t\t\t<div class=\"elementor-widget-container\">\n\t\t\t\t\t<h2 class=\"elementor-heading-title elementor-size-default\">2. Produits et services<\/h2>\t\t\t\t<\/div>\n\t\t\t\t<\/div>\n\t\t\t\t<div class=\"elementor-element elementor-element-38cb66d elementor-widget elementor-widget-text-editor\" data-id=\"38cb66d\" data-element_type=\"widget\" data-e-type=\"widget\" data-widget_type=\"text-editor.default\">\n\t\t\t\t<div class=\"elementor-widget-container\">\n\t\t\t\t\t\t\t\t\t<ul><li><strong>A des fins de recherche uniquement :<\/strong> Tous les produits vendus sont destin\u00e9s \u00e0 des fins de recherche uniquement et ne sont pas destin\u00e9s \u00e0 la consommation humaine ou animale.<\/li><li><strong>Description du produit :<\/strong> Nous nous effor\u00e7ons d'\u00eatre pr\u00e9cis, mais nous ne garantissons pas que les descriptions ou les prix soient exempts d'erreurs.<\/li><\/ul>\t\t\t\t\t\t\t\t<\/div>\n\t\t\t\t<\/div>\n\t\t\t\t\t<\/div>\n\t\t<\/div>\n\t\t\t\t\t<\/div>\n\t\t<\/section>\n\t\t\t\t<section class=\"elementor-section elementor-top-section elementor-element elementor-element-8f47e19 elementor-section-boxed elementor-section-height-default elementor-section-height-default\" data-id=\"8f47e19\" data-element_type=\"section\" data-e-type=\"section\">\n\t\t\t\t\t\t<div class=\"elementor-container elementor-column-gap-default\">\n\t\t\t\t\t<div class=\"elementor-column elementor-col-100 elementor-top-column elementor-element elementor-element-142da7c\" data-id=\"142da7c\" data-element_type=\"column\" data-e-type=\"column\">\n\t\t\t<div class=\"elementor-widget-wrap elementor-element-populated\">\n\t\t\t\t\t\t<div class=\"elementor-element elementor-element-58d0df8 elementor-widget elementor-widget-heading\" data-id=\"58d0df8\" data-element_type=\"widget\" data-e-type=\"widget\" data-widget_type=\"heading.default\">\n\t\t\t\t<div class=\"elementor-widget-container\">\n\t\t\t\t\t<h2 class=\"elementor-heading-title elementor-size-default\">3. Commandes et paiements<\/h2>\t\t\t\t<\/div>\n\t\t\t\t<\/div>\n\t\t\t\t<div class=\"elementor-element elementor-element-810f599 elementor-widget elementor-widget-text-editor\" data-id=\"810f599\" data-element_type=\"widget\" data-e-type=\"widget\" data-widget_type=\"text-editor.default\">\n\t\t\t\t<div class=\"elementor-widget-container\">\n\t\t\t\t\t\t\t\t\t<ul><li><strong>Acceptation de la commande :<\/strong> Nous nous r\u00e9servons le droit d'accepter ou de refuser toute commande.<\/li><li><strong>Modes de paiement :<\/strong> Nous acceptons Bitcoin et d'autres options de paiement s\u00e9curis\u00e9 comme indiqu\u00e9 sur notre site web.<\/li><li><strong>Prix :<\/strong> Les prix peuvent \u00eatre modifi\u00e9s sans pr\u00e9avis.<\/li><\/ul>\t\t\t\t\t\t\t\t<\/div>\n\t\t\t\t<\/div>\n\t\t\t\t\t<\/div>\n\t\t<\/div>\n\t\t\t\t\t<\/div>\n\t\t<\/section>\n\t\t\t\t<section class=\"elementor-section elementor-top-section elementor-element elementor-element-2d3c0c1 elementor-section-boxed elementor-section-height-default elementor-section-height-default\" data-id=\"2d3c0c1\" data-element_type=\"section\" data-e-type=\"section\">\n\t\t\t\t\t\t<div class=\"elementor-container elementor-column-gap-default\">\n\t\t\t\t\t<div class=\"elementor-column elementor-col-100 elementor-top-column elementor-element elementor-element-d858c0a\" data-id=\"d858c0a\" data-element_type=\"column\" data-e-type=\"column\">\n\t\t\t<div class=\"elementor-widget-wrap elementor-element-populated\">\n\t\t\t\t\t\t<div class=\"elementor-element elementor-element-bbf62c9 elementor-widget elementor-widget-heading\" data-id=\"bbf62c9\" data-element_type=\"widget\" data-e-type=\"widget\" data-widget_type=\"heading.default\">\n\t\t\t\t<div class=\"elementor-widget-container\">\n\t\t\t\t\t<h2 class=\"elementor-heading-title elementor-size-default\">4.  Exp\u00e9dition et livraison<\/h2>\t\t\t\t<\/div>\n\t\t\t\t<\/div>\n\t\t\t\t<div class=\"elementor-element elementor-element-bd749db elementor-widget elementor-widget-text-editor\" data-id=\"bd749db\" data-element_type=\"widget\" data-e-type=\"widget\" data-widget_type=\"text-editor.default\">\n\t\t\t\t<div class=\"elementor-widget-container\">\n\t\t\t\t\t\t\t\t\t<ul><li><strong>D\u00e9lais d'exp\u00e9dition :<\/strong> Nous nous effor\u00e7ons de livrer aux \u00c9tats-Unis et au Canada dans un d\u00e9lai de 3 \u00e0 4 jours ouvrables. Les d\u00e9lais de livraison dans les autres r\u00e9gions peuvent varier.<\/li><li><strong>Exp\u00e9dition discr\u00e8te :<\/strong> Toutes les commandes sont emball\u00e9es discr\u00e8tement pour prot\u00e9ger votre vie priv\u00e9e.<\/li><li><strong>Responsabilit\u00e9 :<\/strong> Une fois le colis exp\u00e9di\u00e9, nous ne sommes pas responsables des retards ou des pertes caus\u00e9s par les transporteurs ou les douanes.<\/li><\/ul>\t\t\t\t\t\t\t\t<\/div>\n\t\t\t\t<\/div>\n\t\t\t\t\t<\/div>\n\t\t<\/div>\n\t\t\t\t\t<\/div>\n\t\t<\/section>\n\t\t\t\t<section class=\"elementor-section elementor-top-section elementor-element elementor-element-14808bd elementor-section-boxed elementor-section-height-default elementor-section-height-default\" data-id=\"14808bd\" data-element_type=\"section\" data-e-type=\"section\">\n\t\t\t\t\t\t<div class=\"elementor-container elementor-column-gap-default\">\n\t\t\t\t\t<div class=\"elementor-column elementor-col-100 elementor-top-column elementor-element elementor-element-e81dcd7\" data-id=\"e81dcd7\" data-element_type=\"column\" data-e-type=\"column\">\n\t\t\t<div class=\"elementor-widget-wrap elementor-element-populated\">\n\t\t\t\t\t\t<div class=\"elementor-element elementor-element-9a84b2c elementor-widget elementor-widget-heading\" data-id=\"9a84b2c\" data-element_type=\"widget\" data-e-type=\"widget\" data-widget_type=\"heading.default\">\n\t\t\t\t<div class=\"elementor-widget-container\">\n\t\t\t\t\t<h2 class=\"elementor-heading-title elementor-size-default\">5. Retours et remboursements<\/h2>\t\t\t\t<\/div>\n\t\t\t\t<\/div>\n\t\t\t\t<div class=\"elementor-element elementor-element-e8c0e93 elementor-widget elementor-widget-text-editor\" data-id=\"e8c0e93\" data-element_type=\"widget\" data-e-type=\"widget\" data-widget_type=\"text-editor.default\">\n\t\t\t\t<div class=\"elementor-widget-container\">\n\t\t\t\t\t\t\t\t\t<ul><li><strong>Garantie de satisfaction :<\/strong> Si vous n'\u00eates pas satisfait de votre achat, vous pouvez demander un retour ou un remboursement dans les 7 jours suivant la r\u00e9ception.<\/li><li><strong>L'\u00e9ligibilit\u00e9 :<\/strong> Les articles retourn\u00e9s doivent \u00eatre non ouverts et dans leur emballage d'origine.<\/li><li><strong>Proc\u00e9dure de remboursement :<\/strong> Les remboursements seront effectu\u00e9s sur la base du mode de paiement original apr\u00e8s inspection.<\/li><\/ul>\t\t\t\t\t\t\t\t<\/div>\n\t\t\t\t<\/div>\n\t\t\t\t\t<\/div>\n\t\t<\/div>\n\t\t\t\t\t<\/div>\n\t\t<\/section>\n\t\t\t\t<section class=\"elementor-section elementor-top-section elementor-element elementor-element-870a12b elementor-section-boxed elementor-section-height-default elementor-section-height-default\" data-id=\"870a12b\" data-element_type=\"section\" data-e-type=\"section\">\n\t\t\t\t\t\t<div class=\"elementor-container elementor-column-gap-default\">\n\t\t\t\t\t<div class=\"elementor-column elementor-col-100 elementor-top-column elementor-element elementor-element-1fa92f1\" data-id=\"1fa92f1\" data-element_type=\"column\" data-e-type=\"column\">\n\t\t\t<div class=\"elementor-widget-wrap elementor-element-populated\">\n\t\t\t\t\t\t<div class=\"elementor-element elementor-element-32d2855 elementor-widget elementor-widget-heading\" data-id=\"32d2855\" data-element_type=\"widget\" data-e-type=\"widget\" data-widget_type=\"heading.default\">\n\t\t\t\t<div class=\"elementor-widget-container\">\n\t\t\t\t\t<h2 class=\"elementor-heading-title elementor-size-default\">6. Comportement de l'utilisateur<\/h2>\t\t\t\t<\/div>\n\t\t\t\t<\/div>\n\t\t\t\t<div class=\"elementor-element elementor-element-f74ff5b elementor-widget elementor-widget-text-editor\" data-id=\"f74ff5b\" data-element_type=\"widget\" data-e-type=\"widget\" data-widget_type=\"text-editor.default\">\n\t\t\t\t<div class=\"elementor-widget-container\">\n\t\t\t\t\t\t\t\t\t<p>En utilisant ce site web, vous vous engagez \u00e0 ne pas :<\/p><ul><li>violer toute loi ou r\u00e9glementation applicable.<\/li><li>Utiliser \u00e0 mauvais escient ou abuser du contenu ou de la propri\u00e9t\u00e9 intellectuelle de ce site.<\/li><li>Tenter d'acc\u00e9der \u00e0 des zones non autoris\u00e9es du site web.<\/li><\/ul>\t\t\t\t\t\t\t\t<\/div>\n\t\t\t\t<\/div>\n\t\t\t\t\t<\/div>\n\t\t<\/div>\n\t\t\t\t\t<\/div>\n\t\t<\/section>\n\t\t\t\t<section class=\"elementor-section elementor-top-section elementor-element elementor-element-450fcb5 elementor-section-boxed elementor-section-height-default elementor-section-height-default\" data-id=\"450fcb5\" data-element_type=\"section\" data-e-type=\"section\">\n\t\t\t\t\t\t<div class=\"elementor-container elementor-column-gap-default\">\n\t\t\t\t\t<div class=\"elementor-column elementor-col-100 elementor-top-column elementor-element elementor-element-c985df2\" data-id=\"c985df2\" data-element_type=\"column\" data-e-type=\"column\">\n\t\t\t<div class=\"elementor-widget-wrap elementor-element-populated\">\n\t\t\t\t\t\t<div class=\"elementor-element elementor-element-f778d8f elementor-widget elementor-widget-heading\" data-id=\"f778d8f\" data-element_type=\"widget\" data-e-type=\"widget\" data-widget_type=\"heading.default\">\n\t\t\t\t<div class=\"elementor-widget-container\">\n\t\t\t\t\t<h2 class=\"elementor-heading-title elementor-size-default\">7. Propri\u00e9t\u00e9 intellectuelle<\/h2>\t\t\t\t<\/div>\n\t\t\t\t<\/div>\n\t\t\t\t<div class=\"elementor-element elementor-element-9da2814 elementor-widget elementor-widget-text-editor\" data-id=\"9da2814\" data-element_type=\"widget\" data-e-type=\"widget\" data-widget_type=\"text-editor.default\">\n\t\t\t\t<div class=\"elementor-widget-container\">\n\t\t\t\t\t\t\t\t\t<ul><li>L'ensemble du contenu, des marques commerciales et de la propri\u00e9t\u00e9 intellectuelle de ce site Web est la propri\u00e9t\u00e9 de Trusted Tablets et est prot\u00e9g\u00e9 par la loi.<\/li><li>Il est interdit de reproduire, de distribuer ou d'exploiter toute partie de ce site web sans autorisation explicite.<\/li><\/ul>\t\t\t\t\t\t\t\t<\/div>\n\t\t\t\t<\/div>\n\t\t\t\t\t<\/div>\n\t\t<\/div>\n\t\t\t\t\t<\/div>\n\t\t<\/section>\n\t\t\t\t<section class=\"elementor-section elementor-top-section elementor-element elementor-element-918483f elementor-section-boxed elementor-section-height-default elementor-section-height-default\" data-id=\"918483f\" data-element_type=\"section\" data-e-type=\"section\">\n\t\t\t\t\t\t<div class=\"elementor-container elementor-column-gap-default\">\n\t\t\t\t\t<div class=\"elementor-column elementor-col-100 elementor-top-column elementor-element elementor-element-16b7a4e\" data-id=\"16b7a4e\" data-element_type=\"column\" data-e-type=\"column\">\n\t\t\t<div class=\"elementor-widget-wrap elementor-element-populated\">\n\t\t\t\t\t\t<div class=\"elementor-element elementor-element-1988913 elementor-widget elementor-widget-heading\" data-id=\"1988913\" data-element_type=\"widget\" data-e-type=\"widget\" data-widget_type=\"heading.default\">\n\t\t\t\t<div class=\"elementor-widget-container\">\n\t\t\t\t\t<h2 class=\"elementor-heading-title elementor-size-default\">8. Modifications de la pr\u00e9sente politique<\/h2>\t\t\t\t<\/div>\n\t\t\t\t<\/div>\n\t\t\t\t<div class=\"elementor-element elementor-element-ddb7c1a elementor-widget elementor-widget-text-editor\" data-id=\"ddb7c1a\" data-element_type=\"widget\" data-e-type=\"widget\" data-widget_type=\"text-editor.default\">\n\t\t\t\t<div class=\"elementor-widget-container\">\n\t\t\t\t\t\t\t\t\t<p>Nous pouvons mettre \u00e0 jour la pr\u00e9sente politique de confidentialit\u00e9 de temps \u00e0 autre. Les mises \u00e0 jour seront publi\u00e9es sur cette page avec une nouvelle date d'entr\u00e9e en vigueur.<\/p>\t\t\t\t\t\t\t\t<\/div>\n\t\t\t\t<\/div>\n\t\t\t\t\t<\/div>\n\t\t<\/div>\n\t\t\t\t\t<\/div>\n\t\t<\/section>\n\t\t\t\t<section class=\"elementor-section elementor-top-section elementor-element elementor-element-e946151 elementor-section-boxed elementor-section-height-default elementor-section-height-default\" data-id=\"e946151\" data-element_type=\"section\" data-e-type=\"section\">\n\t\t\t\t\t\t<div class=\"elementor-container elementor-column-gap-default\">\n\t\t\t\t\t<div class=\"elementor-column elementor-col-100 elementor-top-column elementor-element elementor-element-5c3fd41\" data-id=\"5c3fd41\" data-element_type=\"column\" data-e-type=\"column\">\n\t\t\t<div class=\"elementor-widget-wrap elementor-element-populated\">\n\t\t\t\t\t\t<div class=\"elementor-element elementor-element-d15a44c elementor-widget elementor-widget-heading\" data-id=\"d15a44c\" data-element_type=\"widget\" data-e-type=\"widget\" data-widget_type=\"heading.default\">\n\t\t\t\t<div class=\"elementor-widget-container\">\n\t\t\t\t\t<h2 class=\"elementor-heading-title elementor-size-default\">9. Clause de non-responsabilit\u00e9<\/h2>\t\t\t\t<\/div>\n\t\t\t\t<\/div>\n\t\t\t\t<div class=\"elementor-element elementor-element-6b859dc elementor-widget elementor-widget-text-editor\" data-id=\"6b859dc\" data-element_type=\"widget\" data-e-type=\"widget\" data-widget_type=\"text-editor.default\">\n\t\t\t\t<div class=\"elementor-widget-container\">\n\t\t\t\t\t\t\t\t\t<ul><li>Trusted Tablets n'est pas responsable de la mauvaise utilisation des produits achet\u00e9s.<\/li><li>Le site web et son contenu sont fournis \"en l'\u00e9tat\" sans garantie d'aucune sorte, qu'elle soit expresse ou implicite.<\/li><\/ul>\t\t\t\t\t\t\t\t<\/div>\n\t\t\t\t<\/div>\n\t\t\t\t\t<\/div>\n\t\t<\/div>\n\t\t\t\t\t<\/div>\n\t\t<\/section>\n\t\t\t\t<section class=\"elementor-section elementor-top-section elementor-element elementor-element-397f1ac elementor-section-boxed elementor-section-height-default elementor-section-height-default\" data-id=\"397f1ac\" data-element_type=\"section\" data-e-type=\"section\">\n\t\t\t\t\t\t<div class=\"elementor-container elementor-column-gap-default\">\n\t\t\t\t\t<div class=\"elementor-column elementor-col-100 elementor-top-column elementor-element elementor-element-ea4ffbc\" data-id=\"ea4ffbc\" data-element_type=\"column\" data-e-type=\"column\">\n\t\t\t<div class=\"elementor-widget-wrap elementor-element-populated\">\n\t\t\t\t\t\t<div class=\"elementor-element elementor-element-a9bc90f elementor-widget elementor-widget-heading\" data-id=\"a9bc90f\" data-element_type=\"widget\" data-e-type=\"widget\" data-widget_type=\"heading.default\">\n\t\t\t\t<div class=\"elementor-widget-container\">\n\t\t\t\t\t<h2 class=\"elementor-heading-title elementor-size-default\">10. Respect de la vie priv\u00e9e<\/h2>\t\t\t\t<\/div>\n\t\t\t\t<\/div>\n\t\t\t\t<div class=\"elementor-element elementor-element-535e622 elementor-widget elementor-widget-text-editor\" data-id=\"535e622\" data-element_type=\"widget\" data-e-type=\"widget\" data-widget_type=\"text-editor.default\">\n\t\t\t\t<div class=\"elementor-widget-container\">\n\t\t\t\t\t\t\t\t\t<p>Votre utilisation de ce site web est r\u00e9gie par notre <a href=\"https:\/\/trusted-tabletss.com\/fr\/politique-de-confidentialite\/\" rel=\"noopener\">Politique de confidentialit\u00e9<\/a>. Veuillez le consulter pour comprendre comment nous traitons vos donn\u00e9es.<\/p>\t\t\t\t\t\t\t\t<\/div>\n\t\t\t\t<\/div>\n\t\t\t\t\t<\/div>\n\t\t<\/div>\n\t\t\t\t\t<\/div>\n\t\t<\/section>\n\t\t\t\t<section class=\"elementor-section elementor-top-section elementor-element elementor-element-d17be9e elementor-section-boxed elementor-section-height-default elementor-section-height-default\" data-id=\"d17be9e\" data-element_type=\"section\" data-e-type=\"section\">\n\t\t\t\t\t\t<div class=\"elementor-container elementor-column-gap-default\">\n\t\t\t\t\t<div class=\"elementor-column elementor-col-100 elementor-top-column elementor-element elementor-element-409e8fc\" data-id=\"409e8fc\" data-element_type=\"column\" data-e-type=\"column\">\n\t\t\t<div class=\"elementor-widget-wrap elementor-element-populated\">\n\t\t\t\t\t\t<div class=\"elementor-element elementor-element-c19da2a elementor-widget elementor-widget-heading\" data-id=\"c19da2a\" data-element_type=\"widget\" data-e-type=\"widget\" data-widget_type=\"heading.default\">\n\t\t\t\t<div class=\"elementor-widget-container\">\n\t\t\t\t\t<h2 class=\"elementor-heading-title elementor-size-default\">11. Droit applicable<\/h2>\t\t\t\t<\/div>\n\t\t\t\t<\/div>\n\t\t\t\t<div class=\"elementor-element elementor-element-f02448e elementor-widget elementor-widget-text-editor\" data-id=\"f02448e\" data-element_type=\"widget\" data-e-type=\"widget\" data-widget_type=\"text-editor.default\">\n\t\t\t\t<div class=\"elementor-widget-container\">\n\t\t\t\t\t\t\t\t\t<p>Les pr\u00e9sentes conditions sont r\u00e9gies par les lois de [ins\u00e9rer la juridiction], sans tenir compte du principe de conflit de lois.<\/p>\t\t\t\t\t\t\t\t<\/div>\n\t\t\t\t<\/div>\n\t\t\t\t\t<\/div>\n\t\t<\/div>\n\t\t\t\t\t<\/div>\n\t\t<\/section>\n\t\t\t\t<section class=\"elementor-section elementor-top-section elementor-element elementor-element-adafdb6 elementor-section-boxed elementor-section-height-default elementor-section-height-default\" data-id=\"adafdb6\" data-element_type=\"section\" data-e-type=\"section\">\n\t\t\t\t\t\t<div class=\"elementor-container elementor-column-gap-default\">\n\t\t\t\t\t<div class=\"elementor-column elementor-col-100 elementor-top-column elementor-element elementor-element-bc98e10\" data-id=\"bc98e10\" data-element_type=\"column\" data-e-type=\"column\">\n\t\t\t<div class=\"elementor-widget-wrap elementor-element-populated\">\n\t\t\t\t\t\t<div class=\"elementor-element elementor-element-71956aa elementor-widget elementor-widget-heading\" data-id=\"71956aa\" data-element_type=\"widget\" data-e-type=\"widget\" data-widget_type=\"heading.default\">\n\t\t\t\t<div class=\"elementor-widget-container\">\n\t\t\t\t\t<h2 class=\"elementor-heading-title elementor-size-default\">12. Modifications des conditions<\/h2>\t\t\t\t<\/div>\n\t\t\t\t<\/div>\n\t\t\t\t<div class=\"elementor-element elementor-element-4e08b09 elementor-widget elementor-widget-text-editor\" data-id=\"4e08b09\" data-element_type=\"widget\" data-e-type=\"widget\" data-widget_type=\"text-editor.default\">\n\t\t\t\t<div class=\"elementor-widget-container\">\n\t\t\t\t\t\t\t\t\t<p>Nous pouvons mettre \u00e0 jour les pr\u00e9sentes conditions g\u00e9n\u00e9rales p\u00e9riodiquement. Les modifications seront affich\u00e9es sur cette page avec la date d'entr\u00e9e en vigueur de la mise \u00e0 jour.<\/p>\t\t\t\t\t\t\t\t<\/div>\n\t\t\t\t<\/div>\n\t\t\t\t\t<\/div>\n\t\t<\/div>\n\t\t\t\t\t<\/div>\n\t\t<\/section>\n\t\t\t\t<\/div>","protected":false},"excerpt":{"rendered":"<p>Welcome to Trusted Tablets. By accessing or using our website, you agree to comply with and be bound by the following terms and conditions. If&#8230;<\/p>","protected":false},"author":1,"featured_media":0,"parent":0,"menu_order":0,"comment_status":"closed","ping_status":"closed","template":"","meta":{"footnotes":""},"class_list":["post-4391","page","type-page","status-publish","hentry"],"_links":{"self":[{"href":"https:\/\/trusted-tabletss.com\/fr\/wp-json\/wp\/v2\/pages\/4391","targetHints":{"allow":["GET"]}}],"collection":[{"href":"https:\/\/trusted-tabletss.com\/fr\/wp-json\/wp\/v2\/pages"}],"about":[{"href":"https:\/\/trusted-tabletss.com\/fr\/wp-json\/wp\/v2\/types\/page"}],"author":[{"embeddable":true,"href":"https:\/\/trusted-tabletss.com\/fr\/wp-json\/wp\/v2\/users\/1"}],"replies":[{"embeddable":true,"href":"https:\/\/trusted-tabletss.com\/fr\/wp-json\/wp\/v2\/comments?post=4391"}],"version-history":[{"count":7,"href":"https:\/\/trusted-tabletss.com\/fr\/wp-json\/wp\/v2\/pages\/4391\/revisions"}],"predecessor-version":[{"id":4472,"href":"https:\/\/trusted-tabletss.com\/fr\/wp-json\/wp\/v2\/pages\/4391\/revisions\/4472"}],"wp:attachment":[{"href":"https:\/\/trusted-tabletss.com\/fr\/wp-json\/wp\/v2\/media?parent=4391"}],"curies":[{"name":"wp","href":"https:\/\/api.w.org\/{rel}","templated":true}]}}